{"id":6117,"date":"2024-03-12T16:26:25","date_gmt":"2024-03-12T15:26:25","guid":{"rendered":"https:\/\/athle-occitanie.fr\/wp\/?page_id=6117"},"modified":"2024-03-12T16:46:27","modified_gmt":"2024-03-12T15:46:27","slug":"2024_inscription_colloque_lancers","status":"publish","type":"page","link":"https:\/\/athle-occitanie.fr\/wp\/2024_inscription_colloque_lancers\/","title":{"rendered":"2024_Inscription_colloque_lancers"},"content":{"rendered":"\n<p><\/p>\n\n\n\n<h2 class=\"wp-block-heading has-text-align-center\">Inscription au colloque \u00ab\u00a0La formation du jeune lanceur\u00a0\u00bb<\/h2>\n\n\n\n<p><\/p>\n\n\n\n<p>La Ligue d&rsquo;Athl\u00e9tisme d&rsquo;Occitanie organise, le 30\/03\/2024 au CREPS de Toulouse, un colloque qui aura pour th\u00e8me <strong>\u00ab\u00a0La formation du jeune lanceur\u00a0\u00bb<\/strong>.<br>Ce colloque, orient\u00e9 sur les fondamentaux techniques et physiques des lancers, est <strong>ouvert \u00e0 tous<\/strong> ceux qui souhaitent venir se former avec nous sur cette journ\u00e9e sur la discipline (entra\u00eeneurs sp\u00e9cialistes, entra\u00eeneurs U16, athl\u00e8tes curieux&#8230;).<\/p>\n\n\n\n<p><\/p>\n\n\n\n<p><strong><span style=\"text-decoration: underline;\">Intervenant :<\/span><\/strong><br>Thierry LICHTLE (Conseiller Technique National, entra\u00eeneurs lancers sur le P\u00f4le de Strasbourg)<\/p>\n\n\n\n<p><\/p>\n\n\n\n<p><strong><span style=\"text-decoration: underline;\">Informations pratiques :<\/span><\/strong><br>Inscription : <strong>15\u20ac pour les licenci\u00e9s de la Ligue Occitanie<\/strong><br>30\u20ac pour les licenci\u00e9s hors Ligue Occitanie<br>Date limite d&rsquo;inscription le <strong>mardi 26\/03\/2024<\/strong><br><br>Adresse : CREPS de Toulouse &#8211; 1 Avenue Edouard Belin, 31400, Toulouse<br><br>Plus d&rsquo;informations : <a href=\"mailto:jean.monnier@athle-occitanie.fr\">jean.monnier@athle-occitanie.fr<\/a><\/p>\n\n\n\n<p><\/p>\n\n\n\n<div class=\"forminator-guttenberg\"><\/div>\n","protected":false},"excerpt":{"rendered":"<p>Inscription au colloque \u00ab\u00a0La formation du jeune lanceur\u00a0\u00bb La Ligue d&rsquo;Athl\u00e9tisme d&rsquo;Occitanie organise, le 30\/03\/2024 au CREPS de Toulouse, un colloque qui aura pour th\u00e8me \u00ab\u00a0La formation du jeune lanceur\u00a0\u00bb.Ce [&hellip;]<\/p>\n","protected":false},"author":2,"featured_media":0,"parent":0,"menu_order":0,"comment_status":"closed","ping_status":"closed","template":"","meta":{"site-sidebar-layout":"default","site-content-layout":"","ast-site-content-layout":"default","site-content-style":"default","site-sidebar-style":"default","ast-global-header-display":"","ast-banner-title-visibility":"","ast-main-header-display":"","ast-hfb-above-header-display":"","ast-hfb-below-header-display":"","ast-hfb-mobile-header-display":"","site-post-title":"disabled","ast-breadcrumbs-content":"","ast-featured-img":"","footer-sml-layout":"","ast-disable-related-posts":"","theme-transparent-header-meta":"","adv-header-id-meta":"","stick-header-meta":"","header-above-stick-meta":"","header-main-stick-meta":"","header-below-stick-meta":"","astra-migrate-meta-layouts":"set","ast-page-background-enabled":"default","ast-page-background-meta":{"desktop":{"background-color":"var(--ast-global-color-4)","background-image":"","background-repeat":"repeat","background-position":"center center","background-size":"auto","background-attachment":"scroll","background-type":"","background-media":"","overlay-type":"","overlay-color":"","overlay-opacity":"","overlay-gradient":""},"tablet":{"background-color":"","background-image":"","background-repeat":"repeat","background-position":"center center","background-size":"auto","background-attachment":"scroll","background-type":"","background-media":"","overlay-type":"","overlay-color":"","overlay-opacity":"","overlay-gradient":""},"mobile":{"background-color":"","background-image":"","background-repeat":"repeat","background-position":"center center","background-size":"auto","background-attachment":"scroll","background-type":"","background-media":"","overlay-type":"","overlay-color":"","overlay-opacity":"","overlay-gradient":""}},"ast-content-background-meta":{"desktop":{"background-color":"var(--ast-global-color-5)","background-image":"","background-repeat":"repeat","background-position":"center center","background-size":"auto","background-attachment":"scroll","background-type":"","background-media":"","overlay-type":"","overlay-color":"","overlay-opacity":"","overlay-gradient":""},"tablet":{"background-color":"var(--ast-global-color-5)","background-image":"","background-repeat":"repeat","background-position":"center center","background-size":"auto","background-attachment":"scroll","background-type":"","background-media":"","overlay-type":"","overlay-color":"","overlay-opacity":"","overlay-gradient":""},"mobile":{"background-color":"var(--ast-global-color-5)","background-image":"","background-repeat":"repeat","background-position":"center center","background-size":"auto","background-attachment":"scroll","background-type":"","background-media":"","overlay-type":"","overlay-color":"","overlay-opacity":"","overlay-gradient":""}},"footnotes":""},"class_list":["post-6117","page","type-page","status-publish","hentry"],"publishpress_future_action":{"enabled":false,"date":"2026-04-26 13:02:33","action":"change-status","newStatus":"draft","terms":[],"taxonomy":"","extraData":[]},"publishpress_future_workflow_manual_trigger":{"enabledWorkflows":[]},"_links":{"self":[{"href":"https:\/\/athle-occitanie.fr\/wp\/wp-json\/wp\/v2\/pages\/6117","targetHints":{"allow":["GET"]}}],"collection":[{"href":"https:\/\/athle-occitanie.fr\/wp\/wp-json\/wp\/v2\/pages"}],"about":[{"href":"https:\/\/athle-occitanie.fr\/wp\/wp-json\/wp\/v2\/types\/page"}],"author":[{"embeddable":true,"href":"https:\/\/athle-occitanie.fr\/wp\/wp-json\/wp\/v2\/users\/2"}],"replies":[{"embeddable":true,"href":"https:\/\/athle-occitanie.fr\/wp\/wp-json\/wp\/v2\/comments?post=6117"}],"version-history":[{"count":3,"href":"https:\/\/athle-occitanie.fr\/wp\/wp-json\/wp\/v2\/pages\/6117\/revisions"}],"predecessor-version":[{"id":6121,"href":"https:\/\/athle-occitanie.fr\/wp\/wp-json\/wp\/v2\/pages\/6117\/revisions\/6121"}],"wp:attachment":[{"href":"https:\/\/athle-occitanie.fr\/wp\/wp-json\/wp\/v2\/media?parent=6117"}],"curies":[{"name":"wp","href":"https:\/\/api.w.org\/{rel}","templated":true}]}}