{"id":2302,"date":"2023-03-29T11:56:47","date_gmt":"2023-03-29T09:56:47","guid":{"rendered":"https:\/\/athle-occitanie.fr\/wp\/?page_id=2302"},"modified":"2023-03-29T12:17:59","modified_gmt":"2023-03-29T10:17:59","slug":"2023-challenge-cross","status":"publish","type":"page","link":"https:\/\/athle-occitanie.fr\/wp\/2023-challenge-cross\/","title":{"rendered":"2023_Challenge Cross"},"content":{"rendered":"\n<table id=\"tablepress-33\" class=\"tablepress tablepress-id-33\">\n<thead>\n<tr class=\"row-1\">\n\t<td class=\"column-1\"><\/td><th class=\"column-2\"><strong>CAF<\/strong><\/th><th class=\"column-3\"><span style=\"color:#FF0000;\"><strong>TOTAL<\/strong><\/span><\/th><th class=\"column-4\"><strong>GOURDON<\/strong><\/th><th class=\"column-5\"><strong>LESCURE D'ALBI<\/strong><\/th><th class=\"column-6\"><strong>MONTAUBAN<\/strong><\/th><th class=\"column-7\"><strong>CARMAUX<\/strong><\/th><th class=\"column-8\"><strong>BAGNOLS\/CEZE<\/strong><\/th><th class=\"column-9\"><strong>FIGEAC<\/strong><\/th><th class=\"column-10\"><strong>BLAGNAC<\/strong><\/th><th class=\"column-11\"><strong>CARCASONNE<\/strong><\/th><th class=\"column-12\"><strong>DEP<\/strong><\/th><th class=\"column-13\"><strong>1\/4F<\/strong><\/th><th class=\"column-14\"><strong>1\/2F<\/strong><\/th>\n<\/tr>\n<\/thead>\n<tbody class=\"row-striping row-hover\">\n<tr class=\"row-2\">\n\t<td class=\"column-1\"><strong>DREVILLON Lea<\/strong><\/td><td class=\"column-2\">Us Colomiers<\/td><td class=\"column-3\">12<\/td><td class=\"column-4\">.<\/td><td class=\"column-5\">.<\/td><td class=\"column-6\">1<\/td><td class=\"column-7\">.<\/td><td class=\"column-8\">.<\/td><td class=\"column-9\">.<\/td><td class=\"column-10\">1<\/td><td class=\"column-11\">.<\/td><td class=\"column-12\">2<\/td><td class=\"column-13\">2<\/td><td class=\"column-14\">6<\/td>\n<\/tr>\n<tr class=\"row-3\">\n\t<td class=\"column-1\"><strong>CASAMAYOU Alicia<\/strong><\/td><td class=\"column-2\">Ca Balma<\/td><td class=\"column-3\">29<\/td><td class=\"column-4\">.<\/td><td class=\"column-5\">.<\/td><td class=\"column-6\">2<\/td><td class=\"column-7\"> <\/td><td class=\"column-8\">.<\/td><td class=\"column-9\">.<\/td><td class=\"column-10\">2<\/td><td class=\"column-11\">.<\/td><td class=\"column-12\">3<\/td><td class=\"column-13\">8<\/td><td class=\"column-14\">14<\/td>\n<\/tr>\n<tr class=\"row-4\">\n\t<td class=\"column-1\"><strong>GLEIZES Marine<\/strong><\/td><td class=\"column-2\">S\/l Castres Athletisme<\/td><td class=\"column-3\">47<\/td><td class=\"column-4\"><\/td><td class=\"column-5\">5<\/td><td class=\"column-6\"><\/td><td class=\"column-7\">7<\/td><td class=\"column-8\">.<\/td><td class=\"column-9\">.<\/td><td class=\"column-10\">.<\/td><td class=\"column-11\">.<\/td><td class=\"column-12\">3<\/td><td class=\"column-13\">14<\/td><td class=\"column-14\">18<\/td>\n<\/tr>\n<tr class=\"row-5\">\n\t<td class=\"column-1\"><strong>ROMERO Zoe<\/strong><\/td><td class=\"column-2\">Athle 11*<\/td><td class=\"column-3\">54<\/td><td class=\"column-4\">.<\/td><td class=\"column-5\">.<\/td><td class=\"column-6\">.<\/td><td class=\"column-7\">10<\/td><td class=\"column-8\">.<\/td><td class=\"column-9\">.<\/td><td class=\"column-10\">.<\/td><td class=\"column-11\">1<\/td><td class=\"column-12\">1<\/td><td class=\"column-13\">10<\/td><td class=\"column-14\">32<\/td>\n<\/tr>\n<tr class=\"row-6\">\n\t<td class=\"column-1\"><strong>GUET Iris<\/strong><\/td><td class=\"column-2\">Ca Balma<\/td><td class=\"column-3\">55<\/td><td class=\"column-4\">.<\/td><td class=\"column-5\">.<\/td><td class=\"column-6\">.<\/td><td class=\"column-7\">6<\/td><td class=\"column-8\">.<\/td><td class=\"column-9\">.<\/td><td class=\"column-10\">9<\/td><td class=\"column-11\">.<\/td><td class=\"column-12\">5<\/td><td class=\"column-13\">12<\/td><td class=\"column-14\">23<\/td>\n<\/tr>\n<tr class=\"row-7\">\n\t<td class=\"column-1\"><\/td><td class=\"column-2\"><\/td><td class=\"column-3\"><\/td><td class=\"column-4\"><\/td><td class=\"column-5\"><\/td><td class=\"column-6\"><\/td><td class=\"column-7\"><\/td><td class=\"column-8\"><\/td><td class=\"column-9\"><\/td><td class=\"column-10\"><\/td><td class=\"column-11\"><\/td><td class=\"column-12\"><\/td><td class=\"column-13\"><\/td><td class=\"column-14\"><\/td>\n<\/tr>\n<tr class=\"row-8\">\n\t<td class=\"column-1\"><\/td><td class=\"column-2\"><strong>JUF<\/strong><\/td><td class=\"column-3\"><\/td><td class=\"column-4\"><\/td><td class=\"column-5\"><\/td><td class=\"column-6\"><\/td><td class=\"column-7\"><\/td><td class=\"column-8\"><\/td><td class=\"column-9\"><\/td><td class=\"column-10\"><\/td><td class=\"column-11\"><\/td><td class=\"column-12\"><\/td><td class=\"column-13\"><\/td><td class=\"column-14\"><\/td>\n<\/tr>\n<tr class=\"row-9\">\n\t<td class=\"column-1\"><strong>TAN Solene<\/strong><\/td><td class=\"column-2\">Montauban Athl\u00e9tisme<\/td><td class=\"column-3\">14<\/td><td class=\"column-4\"><\/td><td class=\"column-5\"><\/td><td class=\"column-6\"><\/td><td class=\"column-7\">1<\/td><td class=\"column-8\"><\/td><td class=\"column-9\"><\/td><td class=\"column-10\">2<\/td><td class=\"column-11\"><\/td><td class=\"column-12\">1<\/td><td class=\"column-13\">5<\/td><td class=\"column-14\">5<\/td>\n<\/tr>\n<tr class=\"row-10\">\n\t<td class=\"column-1\"><strong>ROUANET Lorette<\/strong><\/td><td class=\"column-2\">Ca Balma<\/td><td class=\"column-3\">34<\/td><td class=\"column-4\">.<\/td><td class=\"column-5\">.<\/td><td class=\"column-6\">.<\/td><td class=\"column-7\">3<\/td><td class=\"column-8\">.<\/td><td class=\"column-9\">.<\/td><td class=\"column-10\">3<\/td><td class=\"column-11\">.<\/td><td class=\"column-12\">1<\/td><td class=\"column-13\">9<\/td><td class=\"column-14\">18<\/td>\n<\/tr>\n<tr class=\"row-11\">\n\t<td class=\"column-1\"><strong>COULBOUEE Coline<\/strong><\/td><td class=\"column-2\">S\/L Athle 632 Tournefeuille<\/td><td class=\"column-3\">35<\/td><td class=\"column-4\">.<\/td><td class=\"column-5\">.<\/td><td class=\"column-6\">1<\/td><td class=\"column-7\">.<\/td><td class=\"column-8\">.<\/td><td class=\"column-9\">.<\/td><td class=\"column-10\">4<\/td><td class=\"column-11\"><\/td><td class=\"column-12\">4<\/td><td class=\"column-13\">11<\/td><td class=\"column-14\">15<\/td>\n<\/tr>\n<tr class=\"row-12\">\n\t<td class=\"column-1\"><strong>CARSAC Melissa<\/strong><\/td><td class=\"column-2\">Ac Villefranche De Rouergue<\/td><td class=\"column-3\">84<\/td><td class=\"column-4\"><\/td><td class=\"column-5\"><\/td><td class=\"column-6\">5<\/td><td class=\"column-7\">10<\/td><td class=\"column-8\"><\/td><td class=\"column-9\"><\/td><td class=\"column-10\"><\/td><td class=\"column-11\"><\/td><td class=\"column-12\">4<\/td><td class=\"column-13\">29<\/td><td class=\"column-14\">36<\/td>\n<\/tr>\n<tr class=\"row-13\">\n\t<td class=\"column-1\"><strong>RODIER Clara<\/strong><\/td><td class=\"column-2\">Athle 11*<\/td><td class=\"column-3\">85<\/td><td class=\"column-4\">.<\/td><td class=\"column-5\">.<\/td><td class=\"column-6\">.<\/td><td class=\"column-7\">15<\/td><td class=\"column-8\">.<\/td><td class=\"column-9\">.<\/td><td class=\"column-10\">.<\/td><td class=\"column-11\">6<\/td><td class=\"column-12\">5<\/td><td class=\"column-13\">17<\/td><td class=\"column-14\">42<\/td>\n<\/tr>\n<tr class=\"row-14\">\n\t<td class=\"column-1\"><\/td><td class=\"column-2\"><\/td><td class=\"column-3\"><\/td><td class=\"column-4\"><\/td><td class=\"column-5\"><\/td><td class=\"column-6\"><\/td><td class=\"column-7\"><\/td><td class=\"column-8\"><\/td><td class=\"column-9\"><\/td><td class=\"column-10\"><\/td><td class=\"column-11\"><\/td><td class=\"column-12\"><\/td><td class=\"column-13\"><\/td><td class=\"column-14\"><\/td>\n<\/tr>\n<tr class=\"row-15\">\n\t<td class=\"column-1\"><\/td><td class=\"column-2\"><strong>ESF<\/strong><\/td><td class=\"column-3\"><\/td><td class=\"column-4\"><\/td><td class=\"column-5\"><\/td><td class=\"column-6\"><\/td><td class=\"column-7\"><\/td><td class=\"column-8\"><\/td><td class=\"column-9\"><\/td><td class=\"column-10\"><\/td><td class=\"column-11\"><\/td><td class=\"column-12\"><\/td><td class=\"column-13\"><\/td><td class=\"column-14\"><\/td>\n<\/tr>\n<tr class=\"row-16\">\n\t<td class=\"column-1\"><strong>MOSSELMANS Louison<\/strong><\/td><td class=\"column-2\">Satuc Toulouse Athle<\/td><td class=\"column-3\">14<\/td><td class=\"column-4\">.<\/td><td class=\"column-5\">.<\/td><td class=\"column-6\"> <\/td><td class=\"column-7\">1<\/td><td class=\"column-8\">.<\/td><td class=\"column-9\"><\/td><td class=\"column-10\"><\/td><td class=\"column-11\"><\/td><td class=\"column-12\">1<\/td><td class=\"column-13\">3<\/td><td class=\"column-14\">7<\/td>\n<\/tr>\n<tr class=\"row-17\">\n\t<td class=\"column-1\"><\/td><td class=\"column-2\"><\/td><td class=\"column-3\"><\/td><td class=\"column-4\"><\/td><td class=\"column-5\"><\/td><td class=\"column-6\"><\/td><td class=\"column-7\"><\/td><td class=\"column-8\"><\/td><td class=\"column-9\"><\/td><td class=\"column-10\"><\/td><td class=\"column-11\"><\/td><td class=\"column-12\"><\/td><td class=\"column-13\"><\/td><td class=\"column-14\"><\/td>\n<\/tr>\n<tr class=\"row-18\">\n\t<td class=\"column-1\"><\/td><td class=\"column-2\"><strong>CAM<\/strong><\/td><td class=\"column-3\"><\/td><td class=\"column-4\"><\/td><td class=\"column-5\"><\/td><td class=\"column-6\"><\/td><td class=\"column-7\"><\/td><td class=\"column-8\"><\/td><td class=\"column-9\"><\/td><td class=\"column-10\"><\/td><td class=\"column-11\"><\/td><td class=\"column-12\"><\/td><td class=\"column-13\"><\/td><td class=\"column-14\"><\/td>\n<\/tr>\n<tr class=\"row-19\">\n\t<td class=\"column-1\"><strong>PUYDEBOIS Antoine<\/strong><\/td><td class=\"column-2\">Ca Saint-girons<\/td><td class=\"column-3\">8<\/td><td class=\"column-4\">1<\/td><td class=\"column-5\">.<\/td><td class=\"column-6\"> <\/td><td class=\"column-7\">1<\/td><td class=\"column-8\">.<\/td><td class=\"column-9\">.<\/td><td class=\"column-10\"> <\/td><td class=\"column-11\">.<\/td><td class=\"column-12\">1<\/td><td class=\"column-13\">1<\/td><td class=\"column-14\">4<\/td>\n<\/tr>\n<tr class=\"row-20\">\n\t<td class=\"column-1\"><strong>DUNET Yonis<\/strong><\/td><td class=\"column-2\">Stade Rodez Athletisme*<\/td><td class=\"column-3\">17<\/td><td class=\"column-4\"> <\/td><td class=\"column-5\"> <\/td><td class=\"column-6\"><\/td><td class=\"column-7\">2<\/td><td class=\"column-8\">.<\/td><td class=\"column-9\">1<\/td><td class=\"column-10\">.<\/td><td class=\"column-11\">.<\/td><td class=\"column-12\">3<\/td><td class=\"column-13\">3<\/td><td class=\"column-14\">8<\/td>\n<\/tr>\n<tr class=\"row-21\">\n\t<td class=\"column-1\"><strong>CATHALA Ghislain<\/strong><\/td><td class=\"column-2\">Athle 632*<\/td><td class=\"column-3\">18<\/td><td class=\"column-4\">.<\/td><td class=\"column-5\">.<\/td><td class=\"column-6\">4<\/td><td class=\"column-7\">5<\/td><td class=\"column-8\">.<\/td><td class=\"column-9\">.<\/td><td class=\"column-10\">.<\/td><td class=\"column-11\">.<\/td><td class=\"column-12\">1<\/td><td class=\"column-13\">2<\/td><td class=\"column-14\">6<\/td>\n<\/tr>\n<tr class=\"row-22\">\n\t<td class=\"column-1\"><strong>BOUTAYEB Yahya<\/strong><\/td><td class=\"column-2\">Ca Balma<\/td><td class=\"column-3\">28<\/td><td class=\"column-4\">.<\/td><td class=\"column-5\">.<\/td><td class=\"column-6\">2<\/td><td class=\"column-7\">7<\/td><td class=\"column-8\">.<\/td><td class=\"column-9\">.<\/td><td class=\"column-10\">.<\/td><td class=\"column-11\">.<\/td><td class=\"column-12\">2<\/td><td class=\"column-13\">6<\/td><td class=\"column-14\">11<\/td>\n<\/tr>\n<tr class=\"row-23\">\n\t<td class=\"column-1\"><strong>CRANSAC-CHAYRIGUES Oscar<\/strong><\/td><td class=\"column-2\">Stade Rodez Athletisme*<\/td><td class=\"column-3\">30<\/td><td class=\"column-4\">4<\/td><td class=\"column-5\"><\/td><td class=\"column-6\"><\/td><td class=\"column-7\">11<\/td><td class=\"column-8\"><\/td><td class=\"column-9\"><\/td><td class=\"column-10\"><\/td><td class=\"column-11\"><\/td><td class=\"column-12\">1<\/td><td class=\"column-13\">4<\/td><td class=\"column-14\">10<\/td>\n<\/tr>\n<tr class=\"row-24\">\n\t<td class=\"column-1\"><strong>PENCHE Jules<\/strong><\/td><td class=\"column-2\">Montauban Athletisme<\/td><td class=\"column-3\">30<\/td><td class=\"column-4\"><\/td><td class=\"column-5\"><\/td><td class=\"column-6\"><\/td><td class=\"column-7\">3<\/td><td class=\"column-8\"><\/td><td class=\"column-9\"><\/td><td class=\"column-10\">3<\/td><td class=\"column-11\"><\/td><td class=\"column-12\">1<\/td><td class=\"column-13\">5<\/td><td class=\"column-14\">18<\/td>\n<\/tr>\n<tr class=\"row-25\">\n\t<td class=\"column-1\"><\/td><td class=\"column-2\"><\/td><td class=\"column-3\"><\/td><td class=\"column-4\"><\/td><td class=\"column-5\"><\/td><td class=\"column-6\"><\/td><td class=\"column-7\"><\/td><td class=\"column-8\"><\/td><td class=\"column-9\"><\/td><td class=\"column-10\"><\/td><td class=\"column-11\"><\/td><td class=\"column-12\"><\/td><td class=\"column-13\"><\/td><td class=\"column-14\"><\/td>\n<\/tr>\n<tr class=\"row-26\">\n\t<td class=\"column-1\"><\/td><td class=\"column-2\"><strong>JUM<\/strong><\/td><td class=\"column-3\"><\/td><td class=\"column-4\"><\/td><td class=\"column-5\"><\/td><td class=\"column-6\"><\/td><td class=\"column-7\"><\/td><td class=\"column-8\"><\/td><td class=\"column-9\"><\/td><td class=\"column-10\"><\/td><td class=\"column-11\"><\/td><td class=\"column-12\"><\/td><td class=\"column-13\"><\/td><td class=\"column-14\"><\/td>\n<\/tr>\n<tr class=\"row-27\">\n\t<td class=\"column-1\"><strong>ABRAHAM Joshua<\/strong><\/td><td class=\"column-2\">Muret Ac<\/td><td class=\"column-3\">11<\/td><td class=\"column-4\">.<\/td><td class=\"column-5\">.<\/td><td class=\"column-6\">.<\/td><td class=\"column-7\">2<\/td><td class=\"column-8\">.<\/td><td class=\"column-9\">.<\/td><td class=\"column-10\">1<\/td><td class=\"column-11\">.<\/td><td class=\"column-12\">1<\/td><td class=\"column-13\">2<\/td><td class=\"column-14\">5<\/td>\n<\/tr>\n<tr class=\"row-28\">\n\t<td class=\"column-1\"><strong>BOUGTIB YACOUBI Soufiane<\/strong><\/td><td class=\"column-2\">Montauban Athl\u00e9tisme<\/td><td class=\"column-3\">22<\/td><td class=\"column-4\"><\/td><td class=\"column-5\"><\/td><td class=\"column-6\">2<\/td><td class=\"column-7\">6<\/td><td class=\"column-8\"><\/td><td class=\"column-9\"><\/td><td class=\"column-10\"><\/td><td class=\"column-11\"><\/td><td class=\"column-12\">1<\/td><td class=\"column-13\">5<\/td><td class=\"column-14\">8<\/td>\n<\/tr>\n<tr class=\"row-29\">\n\t<td class=\"column-1\"><strong>MAGANA Antoine<\/strong><\/td><td class=\"column-2\">Ecla Albi*<\/td><td class=\"column-3\">35<\/td><td class=\"column-4\">.<\/td><td class=\"column-5\">5<\/td><td class=\"column-6\">.<\/td><td class=\"column-7\">8<\/td><td class=\"column-8\">.<\/td><td class=\"column-9\">.<\/td><td class=\"column-10\">.<\/td><td class=\"column-11\">.<\/td><td class=\"column-12\">1<\/td><td class=\"column-13\">8<\/td><td class=\"column-14\">13<\/td>\n<\/tr>\n<tr class=\"row-30\">\n\t<td class=\"column-1\"><strong>RENE Lilian<\/strong><\/td><td class=\"column-2\">S\/l Castres Athletisme<\/td><td class=\"column-3\">58<\/td><td class=\"column-4\">.<\/td><td class=\"column-5\">8<\/td><td class=\"column-6\">.<\/td><td class=\"column-7\">7<\/td><td class=\"column-8\">.<\/td><td class=\"column-9\">.<\/td><td class=\"column-10\">.<\/td><td class=\"column-11\">.<\/td><td class=\"column-12\">6<\/td><td class=\"column-13\">16<\/td><td class=\"column-14\">21<\/td>\n<\/tr>\n<tr class=\"row-31\">\n\t<td class=\"column-1\"><strong>ANDRIEU Antton<\/strong><\/td><td class=\"column-2\">Athle 632*<\/td><td class=\"column-3\">91<\/td><td class=\"column-4\"><\/td><td class=\"column-5\"><\/td><td class=\"column-6\">6<\/td><td class=\"column-7\">13<\/td><td class=\"column-8\"><\/td><td class=\"column-9\">.<\/td><td class=\"column-10\">6<\/td><td class=\"column-11\">.<\/td><td class=\"column-12\">8<\/td><td class=\"column-13\">22<\/td><td class=\"column-14\">36<\/td>\n<\/tr>\n<tr class=\"row-32\">\n\t<td class=\"column-1\"><\/td><td class=\"column-2\"><\/td><td class=\"column-3\"><\/td><td class=\"column-4\"><\/td><td class=\"column-5\"><\/td><td class=\"column-6\"><\/td><td class=\"column-7\"><\/td><td class=\"column-8\"><\/td><td class=\"column-9\"><\/td><td class=\"column-10\"><\/td><td class=\"column-11\"><\/td><td class=\"column-12\"><\/td><td class=\"column-13\"><\/td><td class=\"column-14\"><\/td>\n<\/tr>\n<tr class=\"row-33\">\n\t<td class=\"column-1\"><\/td><td class=\"column-2\"><strong>ESM<\/strong><\/td><td class=\"column-3\"><\/td><td class=\"column-4\"><\/td><td class=\"column-5\"><\/td><td class=\"column-6\"><\/td><td class=\"column-7\"><\/td><td class=\"column-8\"><\/td><td class=\"column-9\"><\/td><td class=\"column-10\"><\/td><td class=\"column-11\"><\/td><td class=\"column-12\"><\/td><td class=\"column-13\"><\/td><td class=\"column-14\"><\/td>\n<\/tr>\n<tr class=\"row-34\">\n\t<td class=\"column-1\"><strong>BONHOMME Paulin<\/strong><\/td><td class=\"column-2\">Athletisme Lozere *<\/td><td class=\"column-3\">24<\/td><td class=\"column-4\">.<\/td><td class=\"column-5\">.<\/td><td class=\"column-6\">4<\/td><td class=\"column-7\">6<\/td><td class=\"column-8\">.<\/td><td class=\"column-9\"><\/td><td class=\"column-10\"><\/td><td class=\"column-11\">.<\/td><td class=\"column-12\">2<\/td><td class=\"column-13\">6<\/td><td class=\"column-14\">6<\/td>\n<\/tr>\n<tr class=\"row-35\">\n\t<td class=\"column-1\"><strong>SAINT-CHELY Hugo<\/strong><\/td><td class=\"column-2\">Athletisme Lozere *<\/td><td class=\"column-3\">32<\/td><td class=\"column-4\">.<\/td><td class=\"column-5\">.<\/td><td class=\"column-6\">3<\/td><td class=\"column-7\">5<\/td><td class=\"column-8\">.<\/td><td class=\"column-9\"><\/td><td class=\"column-10\"><\/td><td class=\"column-11\">.<\/td><td class=\"column-12\">3<\/td><td class=\"column-13\">11<\/td><td class=\"column-14\">10<\/td>\n<\/tr>\n<tr class=\"row-36\">\n\t<td class=\"column-1\"><strong>PASCUAL Enzo<\/strong><\/td><td class=\"column-2\">Athletic Club Saint Affricain<\/td><td class=\"column-3\">33<\/td><td class=\"column-4\">.<\/td><td class=\"column-5\">3<\/td><td class=\"column-6\"><\/td><td class=\"column-7\">10<\/td><td class=\"column-8\">.<\/td><td class=\"column-9\"><\/td><td class=\"column-10\"><\/td><td class=\"column-11\">.<\/td><td class=\"column-12\">1<\/td><td class=\"column-13\">4<\/td><td class=\"column-14\">15<\/td>\n<\/tr>\n<tr class=\"row-37\">\n\t<td class=\"column-1\"><\/td><td class=\"column-2\"><\/td><td class=\"column-3\"><\/td><td class=\"column-4\"><\/td><td class=\"column-5\"><\/td><td class=\"column-6\"><\/td><td class=\"column-7\"><\/td><td class=\"column-8\"><\/td><td class=\"column-9\"><\/td><td class=\"column-10\"><\/td><td class=\"column-11\"><\/td><td class=\"column-12\"><\/td><td class=\"column-13\"><\/td><td class=\"column-14\"><\/td>\n<\/tr>\n<\/tbody>\n<\/table>\n<!-- #tablepress-33 from cache -->\n","protected":false},"excerpt":{"rendered":"","protected":false},"author":6,"featured_media":0,"parent":0,"menu_order":0,"comment_status":"closed","ping_status":"closed","template":"","meta":{"site-sidebar-layout":"default","site-content-layout":"","ast-site-content-layout":"default","site-content-style":"default","site-sidebar-style":"default","ast-global-header-display":"","ast-banner-title-visibility":"","ast-main-header-display":"","ast-hfb-above-header-display":"","ast-hfb-below-header-display":"","ast-hfb-mobile-header-display":"","site-post-title":"","ast-breadcrumbs-content":"","ast-featured-img":"","footer-sml-layout":"","ast-disable-related-posts":"","theme-transparent-header-meta":"","adv-header-id-meta":"","stick-header-meta":"","header-above-stick-meta":"","header-main-stick-meta":"","header-below-stick-meta":"","astra-migrate-meta-layouts":"default","ast-page-background-enabled":"default","ast-page-background-meta":{"desktop":{"background-color":"var(--ast-global-color-4)","background-image":"","background-repeat":"repeat","background-position":"center center","background-size":"auto","background-attachment":"scroll","background-type":"","background-media":"","overlay-type":"","overlay-color":"","overlay-opacity":"","overlay-gradient":""},"tablet":{"background-color":"","background-image":"","background-repeat":"repeat","background-position":"center center","background-size":"auto","background-attachment":"scroll","background-type":"","background-media":"","overlay-type":"","overlay-color":"","overlay-opacity":"","overlay-gradient":""},"mobile":{"background-color":"","background-image":"","background-repeat":"repeat","background-position":"center center","background-size":"auto","background-attachment":"scroll","background-type":"","background-media":"","overlay-type":"","overlay-color":"","overlay-opacity":"","overlay-gradient":""}},"ast-content-background-meta":{"desktop":{"background-color":"var(--ast-global-color-5)","background-image":"","background-repeat":"repeat","background-position":"center center","background-size":"auto","background-attachment":"scroll","background-type":"","background-media":"","overlay-type":"","overlay-color":"","overlay-opacity":"","overlay-gradient":""},"tablet":{"background-color":"var(--ast-global-color-5)","background-image":"","background-repeat":"repeat","background-position":"center center","background-size":"auto","background-attachment":"scroll","background-type":"","background-media":"","overlay-type":"","overlay-color":"","overlay-opacity":"","overlay-gradient":""},"mobile":{"background-color":"var(--ast-global-color-5)","background-image":"","background-repeat":"repeat","background-position":"center center","background-size":"auto","background-attachment":"scroll","background-type":"","background-media":"","overlay-type":"","overlay-color":"","overlay-opacity":"","overlay-gradient":""}},"footnotes":""},"class_list":["post-2302","page","type-page","status-publish","hentry"],"jetpack-related-posts":[{"id":5703,"url":"https:\/\/athle-occitanie.fr\/wp\/2024_championnats-de-france-de-cross-_cap-decouverte\/","url_meta":{"origin":2302,"position":0},"title":"2024_Championnats de France de Cross _Cap D\u00e9couverte","author":"Elise SIMON-LABRIC","date":"13 f\u00e9vrier 2024","format":false,"excerpt":"Nous vous demandons de donner une r\u00e9ponse de votre participation au Championnat de France de Cross le 10 mars 2024 \u00e0 Cap D\u00e9couverte et au Stage de pr\u00e9paration de Cross du 01 au 03 mars 2024 \u00e0 Albi en remplissant le formulaire ci-dessous avant le 26 f\u00e9vrier 2024. Merci de\u2026","rel":"","context":"Article similaire","block_context":{"text":"Article similaire","link":""},"img":{"alt_text":"","src":"","width":0,"height":0},"classes":[]},{"id":1628,"url":"https:\/\/athle-occitanie.fr\/wp\/cdf-cross-minimes-carhaix-2023\/","url_meta":{"origin":2302,"position":1},"title":"2023_Championnat de France Cross_Carhaix","author":"Elise SIMON-LABRIC","date":"14 f\u00e9vrier 2023","format":false,"excerpt":"Nous vous demandons de donner une r\u00e9ponse de votre participation ou non au Championnat de France de Cross qui se d\u00e9roulera le dimanche 10 au 12 mars \u00e0 Carhaix en remplissant le formulaire ci-dessous. Merci de bien prendre connaissance du r\u00e8glement int\u00e9rieur. Enfin, pour les athl\u00e8tes mineurs, il est obligatoire\u2026","rel":"","context":"Article similaire","block_context":{"text":"Article similaire","link":""},"img":{"alt_text":"","src":"","width":0,"height":0},"classes":[]},{"id":13108,"url":"https:\/\/athle-occitanie.fr\/wp\/2026_inscription_relais_cross\/","url_meta":{"origin":2302,"position":2},"title":"2026_Inscription_Relais_Cross","author":"Eric ALBERT","date":"27 novembre 2025","format":false,"excerpt":"Relais Cross - Championnats d'Occitanie 2026 Merci de renseigner le formulaire ci-dessous pour inscrire votre \u00e9quipe aux Championnats d'Occitanie de Relais Cross, qui se d\u00e9rouleront \u00e0 Plaisance du Touch (31) le 7 d\u00e9cembre. Date limite d'inscription de vos \u00e9quipes : le mercredi 3 d\u00e9cembre \u00e0 23h59. Retrouvez ci-dessous la liste\u2026","rel":"","context":"Article similaire","block_context":{"text":"Article similaire","link":""},"img":{"alt_text":"","src":"","width":0,"height":0},"classes":[]},{"id":9930,"url":"https:\/\/athle-occitanie.fr\/wp\/2025_championnats-de-france_challans\/","url_meta":{"origin":2302,"position":3},"title":"2025_Championnats de France_Challans","author":"Elise SIMON-LABRIC","date":"31 janvier 2025","format":false,"excerpt":"INSCRIPTIONS COUPE DE FRANCE DE CROSS MINIMES Nous vous demandons de donner une r\u00e9ponse de votre participation ou non \u00e0 la Coupe de France de Cross qui se d\u00e9roulera le dimanche 02 mars \u00e0 Challans en remplissant le formulaire ci-dessous avant le 16 f\u00e9vrier 2025. Merci de bien prendre connaissance\u2026","rel":"","context":"Article similaire","block_context":{"text":"Article similaire","link":""},"img":{"alt_text":"","src":"","width":0,"height":0},"classes":[]},{"id":13213,"url":"https:\/\/athle-occitanie.fr\/wp\/2026_championnat-de-france-cross_carhaix\/","url_meta":{"origin":2302,"position":4},"title":"2026_Championnat de France Cross_Carhaix","author":"Muriel Soudri","date":"29 janvier 2026","format":false,"excerpt":"INSCRIPTIONS COUPE DE FRANCE DE CROSS-COUNTRY CARHAIX 2026 Nous vous demandons de donner une r\u00e9ponse de votre participation ou non au Championnat de France de Cross-Country qui se d\u00e9roulera le dimanche 08 mars \u00e0 Carhaix en remplissant le formulaire ci-dessous. Merci de bien prendre connaissance du r\u00e8glement int\u00e9rieur. Enfin, pour\u2026","rel":"","context":"Article similaire","block_context":{"text":"Article similaire","link":""},"img":{"alt_text":"","src":"","width":0,"height":0},"classes":[]},{"id":4483,"url":"https:\/\/athle-occitanie.fr\/wp\/2023_remise_recompenses_cmto\/","url_meta":{"origin":2302,"position":5},"title":"2024_Remise_R\u00e9compenses_CMTO_Cross","author":"Elise SIMON-LABRIC","date":"17 octobre 2023","format":false,"excerpt":"Inscription \u00e0 la remise des r\u00e9compenses du Cr\u00e9dit Mutuel Athl\u00e9 Tour Occitanie et Challenge LAO de CrossCROS OCCITANIE, le 30 novembre 2024 Nous vous remercions de compl\u00e9ter ce formulaire afin de nous pr\u00e9venir de votre souhait de participation \u00e0 la soir\u00e9e de remise des r\u00e9compenses pour le Cr\u00e9dit Mutuel Athl\u00e9\u2026","rel":"","context":"Article similaire","block_context":{"text":"Article similaire","link":""},"img":{"alt_text":"","src":"","width":0,"height":0},"classes":[]}],"jetpack_sharing_enabled":true,"publishpress_future_action":{"enabled":false,"date":"2026-04-16 18:39:53","action":"change-status","newStatus":"draft","terms":[],"taxonomy":"","extraData":[]},"publishpress_future_workflow_manual_trigger":{"enabledWorkflows":[]},"_links":{"self":[{"href":"https:\/\/athle-occitanie.fr\/wp\/wp-json\/wp\/v2\/pages\/2302","targetHints":{"allow":["GET"]}}],"collection":[{"href":"https:\/\/athle-occitanie.fr\/wp\/wp-json\/wp\/v2\/pages"}],"about":[{"href":"https:\/\/athle-occitanie.fr\/wp\/wp-json\/wp\/v2\/types\/page"}],"author":[{"embeddable":true,"href":"https:\/\/athle-occitanie.fr\/wp\/wp-json\/wp\/v2\/users\/6"}],"replies":[{"embeddable":true,"href":"https:\/\/athle-occitanie.fr\/wp\/wp-json\/wp\/v2\/comments?post=2302"}],"version-history":[{"count":3,"href":"https:\/\/athle-occitanie.fr\/wp\/wp-json\/wp\/v2\/pages\/2302\/revisions"}],"predecessor-version":[{"id":2308,"href":"https:\/\/athle-occitanie.fr\/wp\/wp-json\/wp\/v2\/pages\/2302\/revisions\/2308"}],"wp:attachment":[{"href":"https:\/\/athle-occitanie.fr\/wp\/wp-json\/wp\/v2\/media?parent=2302"}],"curies":[{"name":"wp","href":"https:\/\/api.w.org\/{rel}","templated":true}]}}