{"id":1723,"date":"2023-02-23T11:14:20","date_gmt":"2023-02-23T10:14:20","guid":{"rendered":"https:\/\/athle-occitanie.fr\/wp\/?page_id=1723"},"modified":"2026-03-31T07:57:13","modified_gmt":"2026-03-31T05:57:13","slug":"competitions-a-venir","status":"publish","type":"page","link":"https:\/\/athle-occitanie.fr\/wp\/competitions-a-venir\/","title":{"rendered":"Comp\u00e9titions \u00e0 venir"},"content":{"rendered":"\n<h2 class=\"wp-block-heading has-text-align-center\" style=\"margin-top:var(--wp--preset--spacing--60);margin-right:var(--wp--preset--spacing--60);margin-bottom:var(--wp--preset--spacing--60);margin-left:var(--wp--preset--spacing--60)\">Comp\u00e9titions \u00e0 venir<\/h2>\n\n\n\n<div class=\"wp-block-columns is-layout-flex wp-container-core-columns-is-layout-28f84493 wp-block-columns-is-layout-flex\">\n<div class=\"wp-block-column is-layout-flow wp-block-column-is-layout-flow\">\n<h3 class=\"wp-block-heading has-text-align-center has-luminous-vivid-amber-background-color has-background\" style=\"padding-top:var(--wp--preset--spacing--50);padding-right:var(--wp--preset--spacing--50);padding-bottom:var(--wp--preset--spacing--50);padding-left:var(--wp--preset--spacing--50);text-transform:uppercase\">CHAMPIONNATS<\/h3>\n\n\n\n<p class=\"has-text-align-center\"><strong><em><a href=\"https:\/\/docs.google.com\/spreadsheets\/d\/e\/2PACX-1vQrUO2wUy8ssHkSvLrIz_gMOHy1cFnjNzUdp-E4z7lQGQcdRcxFu1nORBft-GlhQA\/pubhtml\" data-type=\"link\" data-id=\"https:\/\/docs.google.com\/spreadsheets\/d\/e\/2PACX-1vQrUO2wUy8ssHkSvLrIz_gMOHy1cFnjNzUdp-E4z7lQGQcdRcxFu1nORBft-GlhQA\/pubhtml\" target=\"_blank\" rel=\"noreferrer noopener\">JURY DE BASE SAISON ESTIVALE<\/a><\/em><\/strong><\/p>\n\n\n\n<hr class=\"wp-block-separator has-alpha-channel-opacity is-style-wide\"\/>\n<\/div>\n\n\n\n<div class=\"wp-block-column has-ast-global-color-5-background-color has-background is-layout-flow wp-block-column-is-layout-flow\">\n<h3 class=\"wp-block-heading has-text-align-center has-luminous-vivid-orange-background-color has-background\" style=\"padding-top:var(--wp--preset--spacing--20);padding-right:var(--wp--preset--spacing--30);padding-bottom:var(--wp--preset--spacing--20);padding-left:var(--wp--preset--spacing--30);font-size:26px\">MEETINGS<\/h3>\n\n\n\n<h5 class=\"wp-block-heading has-text-align-center\"><\/h5>\n\n\n\n<h5 class=\"wp-block-heading has-text-align-center has-vivid-red-color has-text-color has-link-color wp-elements-811a937ac1e4d85ebab6e7731f8f6e81\"><strong>Samedi 18 avril 2026<\/strong><\/h5>\n\n\n\n<p class=\"has-text-align-center\"><strong>Meeting de Marche Alexis Jordana<br>BLAGNAC (31)<\/strong><\/p>\n\n\n\n<figure class=\"wp-block-image size-full\"><img data-recalc-dims=\"1\" fetchpriority=\"high\" decoding=\"async\" width=\"561\" height=\"795\" data-attachment-id=\"14169\" data-permalink=\"https:\/\/athle-occitanie.fr\/wp\/competitions-a-venir\/capture-decran-2026-03-24-171616\/\" data-orig-file=\"https:\/\/i0.wp.com\/athle-occitanie.fr\/wp\/wp-content\/uploads\/2026\/03\/Capture-decran-2026-03-24-171616.webp?fit=561%2C795&amp;ssl=1\" data-orig-size=\"561,795\" data-comments-opened=\"1\" data-image-meta=\"{&quot;aperture&quot;:&quot;0&quot;,&quot;credit&quot;:&quot;&quot;,&quot;camera&quot;:&quot;&quot;,&quot;caption&quot;:&quot;&quot;,&quot;created_timestamp&quot;:&quot;0&quot;,&quot;copyright&quot;:&quot;&quot;,&quot;focal_length&quot;:&quot;0&quot;,&quot;iso&quot;:&quot;0&quot;,&quot;shutter_speed&quot;:&quot;0&quot;,&quot;title&quot;:&quot;&quot;,&quot;orientation&quot;:&quot;0&quot;}\" data-image-title=\"Capture d\u2019\u00e9cran 2026-03-24 171616\" data-image-description=\"\" data-image-caption=\"\" data-medium-file=\"https:\/\/i0.wp.com\/athle-occitanie.fr\/wp\/wp-content\/uploads\/2026\/03\/Capture-decran-2026-03-24-171616.webp?fit=212%2C300&amp;ssl=1\" data-large-file=\"https:\/\/i0.wp.com\/athle-occitanie.fr\/wp\/wp-content\/uploads\/2026\/03\/Capture-decran-2026-03-24-171616.webp?fit=561%2C795&amp;ssl=1\" src=\"https:\/\/i0.wp.com\/athle-occitanie.fr\/wp\/wp-content\/uploads\/2026\/03\/Capture-decran-2026-03-24-171616.webp?resize=561%2C795&#038;ssl=1\" alt=\"\" class=\"wp-image-14169\" srcset=\"https:\/\/i0.wp.com\/athle-occitanie.fr\/wp\/wp-content\/uploads\/2026\/03\/Capture-decran-2026-03-24-171616.webp?w=561&amp;ssl=1 561w, https:\/\/i0.wp.com\/athle-occitanie.fr\/wp\/wp-content\/uploads\/2026\/03\/Capture-decran-2026-03-24-171616.webp?resize=212%2C300&amp;ssl=1 212w\" sizes=\"(max-width: 561px) 100vw, 561px\" \/><\/figure>\n\n\n\n<p class=\"has-text-align-center\"><a href=\"https:\/\/occitanie.athle.fr\/asp.net\/espaces.engage\/engage.aspx\" data-type=\"link\" data-id=\"https:\/\/occitanie.athle.fr\/asp.net\/espaces.engage\/engage.aspx\" target=\"_blank\" rel=\"noreferrer noopener\">Inscriptions<\/a><br>(Engagement jusqu&rsquo;au jeudi 16 avril 2026 23h59)<br><a href=\"https:\/\/athle-occitanie.fr\/Horaires\/2026\/MEETING%20de%20Marche%20Athl%C3%A9tique%202026%20Alexis%20JORDANA.pdf\" target=\"_blank\" rel=\"noreferrer noopener\">Horaires et R\u00e8glement<\/a><\/p>\n\n\n\n<hr class=\"wp-block-separator has-alpha-channel-opacity is-style-wide\"\/>\n\n\n\n<h5 class=\"wp-block-heading has-text-align-center has-vivid-red-color has-text-color has-link-color wp-elements-f3c39b66ca937d351a5b5fc202e24367\"><strong>Samedi 25 avril 2026<\/strong><\/h5>\n\n\n\n<p class=\"has-text-align-center\"><strong>Meeting Moissac Athl\u00e9 (82)<\/strong><\/p>\n\n\n\n<figure class=\"wp-block-image size-full\"><img data-recalc-dims=\"1\" decoding=\"async\" width=\"542\" height=\"814\" data-attachment-id=\"14191\" data-permalink=\"https:\/\/athle-occitanie.fr\/wp\/competitions-a-venir\/2026-n1\/\" data-orig-file=\"https:\/\/i0.wp.com\/athle-occitanie.fr\/wp\/wp-content\/uploads\/2026\/03\/2026-n1.webp?fit=542%2C814&amp;ssl=1\" data-orig-size=\"542,814\" data-comments-opened=\"1\" data-image-meta=\"{&quot;aperture&quot;:&quot;0&quot;,&quot;credit&quot;:&quot;&quot;,&quot;camera&quot;:&quot;&quot;,&quot;caption&quot;:&quot;&quot;,&quot;created_timestamp&quot;:&quot;0&quot;,&quot;copyright&quot;:&quot;&quot;,&quot;focal_length&quot;:&quot;0&quot;,&quot;iso&quot;:&quot;0&quot;,&quot;shutter_speed&quot;:&quot;0&quot;,&quot;title&quot;:&quot;&quot;,&quot;orientation&quot;:&quot;0&quot;}\" data-image-title=\"2026 n1\" data-image-description=\"\" data-image-caption=\"\" data-medium-file=\"https:\/\/i0.wp.com\/athle-occitanie.fr\/wp\/wp-content\/uploads\/2026\/03\/2026-n1.webp?fit=200%2C300&amp;ssl=1\" data-large-file=\"https:\/\/i0.wp.com\/athle-occitanie.fr\/wp\/wp-content\/uploads\/2026\/03\/2026-n1.webp?fit=542%2C814&amp;ssl=1\" src=\"https:\/\/i0.wp.com\/athle-occitanie.fr\/wp\/wp-content\/uploads\/2026\/03\/2026-n1.webp?resize=542%2C814&#038;ssl=1\" alt=\"\" class=\"wp-image-14191\" srcset=\"https:\/\/i0.wp.com\/athle-occitanie.fr\/wp\/wp-content\/uploads\/2026\/03\/2026-n1.webp?w=542&amp;ssl=1 542w, https:\/\/i0.wp.com\/athle-occitanie.fr\/wp\/wp-content\/uploads\/2026\/03\/2026-n1.webp?resize=200%2C300&amp;ssl=1 200w\" sizes=\"(max-width: 542px) 100vw, 542px\" \/><\/figure>\n\n\n\n<p class=\"has-text-align-center\"><a href=\"https:\/\/occitanie.athle.fr\/asp.net\/espaces.engage\/engage.aspx\" target=\"_blank\" rel=\"noreferrer noopener\">Inscriptions<\/a><br>(Engagement jusqu&rsquo;au jeudi 23 avril 2026 23h59)<br><a href=\"https:\/\/athle-occitanie.fr\/Horaires\/2026\/Meeting%20Moissac%2025%20avril.pdf\" target=\"_blank\" rel=\"noreferrer noopener\">Horaires et R\u00e8glement<\/a><\/p>\n<\/div>\n\n\n\n<div class=\"wp-block-column is-layout-flow wp-block-column-is-layout-flow\">\n<h3 class=\"wp-block-heading has-text-align-center has-vivid-green-cyan-background-color has-background\" style=\"padding-top:var(--wp--preset--spacing--20);padding-right:var(--wp--preset--spacing--50);padding-bottom:var(--wp--preset--spacing--20);padding-left:var(--wp--preset--spacing--50)\">RUNNING &amp; MARCHE<\/h3>\n\n\n\n<h5 class=\"wp-block-heading has-text-align-center\"><mark style=\"color:#cf2e2e\" class=\"has-inline-color\">Dimanche 12 avril 2026<\/mark><\/h5>\n\n\n\n<p class=\"has-text-align-center\"><strong>10km de la rivi\u00e8re Esp\u00e9rance<\/strong><br><strong>VAYRAC (46)<\/strong><\/p>\n\n\n\n<figure class=\"wp-block-image aligncenter size-full\"><img data-recalc-dims=\"1\" decoding=\"async\" data-attachment-id=\"14115\" data-permalink=\"https:\/\/athle-occitanie.fr\/wp\/competitions-a-venir\/page_visu_manif-zone_body-disp_princ-img_manif\/\" data-orig-file=\"https:\/\/i0.wp.com\/athle-occitanie.fr\/wp\/wp-content\/uploads\/2026\/03\/PAGE_visu_manif.ZONE_body.DISP_princ.IMG_MANIF.webp?fit=173%2C217&amp;ssl=1\" data-orig-size=\"173,217\" data-comments-opened=\"1\" data-image-meta=\"{&quot;aperture&quot;:&quot;0&quot;,&quot;credit&quot;:&quot;&quot;,&quot;camera&quot;:&quot;&quot;,&quot;caption&quot;:&quot;&quot;,&quot;created_timestamp&quot;:&quot;0&quot;,&quot;copyright&quot;:&quot;&quot;,&quot;focal_length&quot;:&quot;0&quot;,&quot;iso&quot;:&quot;0&quot;,&quot;shutter_speed&quot;:&quot;0&quot;,&quot;title&quot;:&quot;&quot;,&quot;orientation&quot;:&quot;0&quot;}\" data-image-title=\"PAGE_visu_manif.ZONE_body.DISP_princ.IMG_MANIF\" data-image-description=\"\" data-image-caption=\"\" data-medium-file=\"https:\/\/i0.wp.com\/athle-occitanie.fr\/wp\/wp-content\/uploads\/2026\/03\/PAGE_visu_manif.ZONE_body.DISP_princ.IMG_MANIF.webp?fit=173%2C217&amp;ssl=1\" data-large-file=\"https:\/\/i0.wp.com\/athle-occitanie.fr\/wp\/wp-content\/uploads\/2026\/03\/PAGE_visu_manif.ZONE_body.DISP_princ.IMG_MANIF.webp?fit=173%2C217&amp;ssl=1\" src=\"https:\/\/i0.wp.com\/athle-occitanie.fr\/wp\/wp-content\/uploads\/2026\/03\/PAGE_visu_manif.ZONE_body.DISP_princ.IMG_MANIF.jpg?ssl=1\" alt=\"\" class=\"wp-image-14115\"\/><\/figure>\n\n\n\n<p class=\"has-text-align-center\"><a href=\"https:\/\/jorganize.fr\/jlive\/PAGE_admin_liste_manif_v5\/XC4AAHghWxc0APJHxhD5Agw0jkE\" target=\"_blank\" rel=\"noreferrer noopener\">Inscriptions<\/a><\/p>\n\n\n\n<hr class=\"wp-block-separator has-alpha-channel-opacity is-style-wide\"\/>\n\n\n\n<h5 class=\"wp-block-heading has-text-align-center has-vivid-red-color has-text-color has-link-color wp-elements-b47959bf6f7db175663cb254adb0accd\">Samedi 18 et <strong>Dimanche 19 avril 2026<\/strong><\/h5>\n\n\n\n<p class=\"has-text-align-center\"><strong>Marathon C\u00f4te Indigo<br>FLEURY (11)<\/strong><\/p>\n\n\n\n<p class=\"has-text-align-center has-luminous-vivid-orange-color has-text-color has-link-color wp-elements-73378d9911745b1c8aba8b90b57dbe3e\"><strong>Label Bronze<\/strong><\/p>\n\n\n\n<p class=\"has-text-align-center has-vivid-red-color has-text-color has-link-color wp-elements-34de7aeee19304ea6d20278e8dac1bd8\"><strong>Championnats d&rsquo;Occitanie Semi-Marathon <\/strong><\/p>\n\n\n\n<figure class=\"wp-block-image size-large\"><img data-recalc-dims=\"1\" height=\"1024\" width=\"724\" decoding=\"async\" data-attachment-id=\"14154\" data-permalink=\"https:\/\/athle-occitanie.fr\/wp\/competitions-a-venir\/affiche-marathon-2026-vf-1086x1536\/\" data-orig-file=\"https:\/\/i0.wp.com\/athle-occitanie.fr\/wp\/wp-content\/uploads\/2026\/03\/Affiche-Marathon-2026-VF-1086x1536-1.webp?fit=1086%2C1536&amp;ssl=1\" data-orig-size=\"1086,1536\" data-comments-opened=\"1\" data-image-meta=\"{&quot;aperture&quot;:&quot;0&quot;,&quot;credit&quot;:&quot;&quot;,&quot;camera&quot;:&quot;&quot;,&quot;caption&quot;:&quot;&quot;,&quot;created_timestamp&quot;:&quot;0&quot;,&quot;copyright&quot;:&quot;&quot;,&quot;focal_length&quot;:&quot;0&quot;,&quot;iso&quot;:&quot;0&quot;,&quot;shutter_speed&quot;:&quot;0&quot;,&quot;title&quot;:&quot;&quot;,&quot;orientation&quot;:&quot;0&quot;}\" data-image-title=\"Affiche-Marathon-2026-VF-1086&amp;#215;1536\" data-image-description=\"\" data-image-caption=\"\" data-medium-file=\"https:\/\/i0.wp.com\/athle-occitanie.fr\/wp\/wp-content\/uploads\/2026\/03\/Affiche-Marathon-2026-VF-1086x1536-1.webp?fit=212%2C300&amp;ssl=1\" data-large-file=\"https:\/\/i0.wp.com\/athle-occitanie.fr\/wp\/wp-content\/uploads\/2026\/03\/Affiche-Marathon-2026-VF-1086x1536-1.webp?fit=724%2C1024&amp;ssl=1\" src=\"https:\/\/i0.wp.com\/athle-occitanie.fr\/wp\/wp-content\/uploads\/2026\/03\/Affiche-Marathon-2026-VF-1086x1536-1.jpg?resize=724%2C1024&#038;ssl=1\" alt=\"\" class=\"wp-image-14154\"\/><\/figure>\n\n\n\n<p class=\"has-text-align-center\"><a href=\"https:\/\/www.finishers.com\/book\/event\/ZEJcF\" target=\"_blank\" rel=\"noreferrer noopener\">Inscriptions<\/a><br><a href=\"https:\/\/marathon-coteindigo.fr\/wp-content\/uploads\/2025\/09\/Reglement-Marathon-Cote-Indigo-26.docx.pdf\" target=\"_blank\" rel=\"noreferrer noopener\">R\u00e8glement<\/a><br><a href=\"https:\/\/marathon-coteindigo.fr\/\" target=\"_blank\" rel=\"noreferrer noopener\">Plus d&rsquo;infos<\/a><\/p>\n\n\n\n<hr class=\"wp-block-separator has-alpha-channel-opacity is-style-wide\"\/>\n\n\n\n<h5 class=\"wp-block-heading has-text-align-center has-vivid-red-color has-text-color has-link-color wp-elements-ed9ab22444cfb0b81a5f4c490ca9cb2a\"><strong>Dimanche 19 avril 2026<\/strong><\/h5>\n\n\n\n<p class=\"has-text-align-center\"><strong> 5 &amp; 10 km de Castelsarrasin <\/strong> <strong>\u00ab\u00a0Course de P\u00e2ques\u00a0\u00bb<br>CASTELSARRASIN (82)<\/strong><\/p>\n\n\n\n<p class=\"has-text-align-center has-luminous-vivid-orange-color has-text-color has-link-color wp-elements-73378d9911745b1c8aba8b90b57dbe3e\"><strong>Label Bronze<\/strong><\/p>\n\n\n\n<figure class=\"wp-block-image size-full\"><img data-recalc-dims=\"1\" decoding=\"async\" data-attachment-id=\"14159\" data-permalink=\"https:\/\/athle-occitanie.fr\/wp\/competitions-a-venir\/affichev2_coursepaque_26-2\/\" data-orig-file=\"https:\/\/i0.wp.com\/athle-occitanie.fr\/wp\/wp-content\/uploads\/2026\/03\/AfficheV2_CoursePaque_26-1.webp?fit=536%2C759&amp;ssl=1\" data-orig-size=\"536,759\" data-comments-opened=\"1\" data-image-meta=\"{&quot;aperture&quot;:&quot;0&quot;,&quot;credit&quot;:&quot;&quot;,&quot;camera&quot;:&quot;&quot;,&quot;caption&quot;:&quot;&quot;,&quot;created_timestamp&quot;:&quot;0&quot;,&quot;copyright&quot;:&quot;&quot;,&quot;focal_length&quot;:&quot;0&quot;,&quot;iso&quot;:&quot;0&quot;,&quot;shutter_speed&quot;:&quot;0&quot;,&quot;title&quot;:&quot;&quot;,&quot;orientation&quot;:&quot;0&quot;}\" data-image-title=\"AfficheV2_CoursePaque_26\" data-image-description=\"\" data-image-caption=\"\" data-medium-file=\"https:\/\/i0.wp.com\/athle-occitanie.fr\/wp\/wp-content\/uploads\/2026\/03\/AfficheV2_CoursePaque_26-1.webp?fit=212%2C300&amp;ssl=1\" data-large-file=\"https:\/\/i0.wp.com\/athle-occitanie.fr\/wp\/wp-content\/uploads\/2026\/03\/AfficheV2_CoursePaque_26-1.webp?fit=536%2C759&amp;ssl=1\" src=\"https:\/\/i0.wp.com\/athle-occitanie.fr\/wp\/wp-content\/uploads\/2026\/03\/AfficheV2_CoursePaque_26-1.jpg?ssl=1\" alt=\"\" class=\"wp-image-14159\"\/><\/figure>\n\n\n\n<p class=\"has-text-align-center\"><a href=\"https:\/\/chrono-start.fr\/Inscription\/Course\/detail\/c\/4792\" target=\"_blank\" rel=\"noreferrer noopener\">Inscriptions<\/a><br><a href=\"https:\/\/www.coursedepaques.fr\/_files\/ugd\/0e1642_e7321310154540f8a76ce58cef80caff.pdf\" target=\"_blank\" rel=\"noreferrer noopener\">R\u00e8glement<\/a><br><a href=\"https:\/\/www.coursedepaques.fr\/\" target=\"_blank\" rel=\"noreferrer noopener\">Plus d&rsquo;infos<\/a><\/p>\n\n\n\n<hr class=\"wp-block-separator has-alpha-channel-opacity is-style-wide\"\/>\n\n\n\n<h5 class=\"wp-block-heading has-text-align-center has-vivid-red-color has-text-color has-link-color wp-elements-e756b693a936b9388a27c213bdbcf831\"><strong>Dimanche 26 avril 2026<\/strong><\/h5>\n\n\n\n<p class=\"has-text-align-center\"><strong>46\u00e8me<\/strong> <strong>Marathon d&rsquo;Albi (81)<\/strong><\/p>\n\n\n\n<p class=\"has-text-align-center has-luminous-vivid-orange-color has-text-color has-link-color wp-elements-73378d9911745b1c8aba8b90b57dbe3e\"><strong>Label Bronze<\/strong><\/p>\n\n\n\n<p class=\"has-text-align-center has-vivid-red-color has-text-color has-link-color wp-elements-a1993c15bbebe97f760a10abc8b9c9e2\"><strong>Championnats d&rsquo;Occitanie de Marathon<\/strong><\/p>\n\n\n\n<figure class=\"wp-block-image size-full\"><img data-recalc-dims=\"1\" decoding=\"async\" data-attachment-id=\"14188\" data-permalink=\"https:\/\/athle-occitanie.fr\/wp\/competitions-a-venir\/affiche_du_marathon_d_albi_2026\/\" data-orig-file=\"https:\/\/i0.wp.com\/athle-occitanie.fr\/wp\/wp-content\/uploads\/2026\/03\/affiche_du_marathon_d_albi_2026.webp?fit=1024%2C1024&amp;ssl=1\" data-orig-size=\"1024,1024\" data-comments-opened=\"1\" data-image-meta=\"{&quot;aperture&quot;:&quot;0&quot;,&quot;credit&quot;:&quot;&quot;,&quot;camera&quot;:&quot;&quot;,&quot;caption&quot;:&quot;&quot;,&quot;created_timestamp&quot;:&quot;0&quot;,&quot;copyright&quot;:&quot;&quot;,&quot;focal_length&quot;:&quot;0&quot;,&quot;iso&quot;:&quot;0&quot;,&quot;shutter_speed&quot;:&quot;0&quot;,&quot;title&quot;:&quot;&quot;,&quot;orientation&quot;:&quot;1&quot;}\" data-image-title=\"affiche_du_marathon_d_albi_2026\" data-image-description=\"\" data-image-caption=\"\" data-medium-file=\"https:\/\/i0.wp.com\/athle-occitanie.fr\/wp\/wp-content\/uploads\/2026\/03\/affiche_du_marathon_d_albi_2026.webp?fit=300%2C300&amp;ssl=1\" data-large-file=\"https:\/\/i0.wp.com\/athle-occitanie.fr\/wp\/wp-content\/uploads\/2026\/03\/affiche_du_marathon_d_albi_2026.webp?fit=1024%2C1024&amp;ssl=1\" src=\"https:\/\/i0.wp.com\/athle-occitanie.fr\/wp\/wp-content\/uploads\/2026\/03\/affiche_du_marathon_d_albi_2026.jpg?ssl=1\" alt=\"\" class=\"wp-image-14188\"\/><\/figure>\n\n\n\n<p class=\"has-text-align-center\"><a href=\"https:\/\/www.klikego.com\/inscription\/marathon-dalbi-2026\/course-a-pied-running\/1337120465909-38\" target=\"_blank\" rel=\"noreferrer noopener\">Inscriptions<\/a><br><a href=\"https:\/\/www.marathondalbi.com\/wp-content\/uploads\/2025\/11\/REGL-MA-26-1.pdf\" target=\"_blank\" rel=\"noreferrer noopener\">R\u00e8glement<\/a><br><a href=\"https:\/\/www.marathondalbi.com\/\" target=\"_blank\" rel=\"noreferrer noopener\">Plus d&rsquo;infos<\/a><\/p>\n<\/div>\n<\/div>\n\n\n\n<p><\/p>\n","protected":false},"excerpt":{"rendered":"<p>Comp\u00e9titions \u00e0 venir CHAMPIONNATS JURY DE BASE SAISON ESTIVALE MEETINGS Samedi 18 avril 2026 Meeting de Marche Alexis JordanaBLAGNAC (31) Inscriptions(Engagement jusqu&rsquo;au jeudi 16 avril 2026 23h59)Horaires et R\u00e8glement Samedi [&hellip;]<\/p>\n","protected":false},"author":1,"featured_media":0,"parent":0,"menu_order":0,"comment_status":"closed","ping_status":"closed","template":"","meta":{"site-sidebar-layout":"default","site-content-layout":"","ast-site-content-layout":"default","site-content-style":"default","site-sidebar-style":"default","ast-global-header-display":"","ast-banner-title-visibility":"","ast-main-header-display":"","ast-hfb-above-header-display":"","ast-hfb-below-header-display":"","ast-hfb-mobile-header-display":"","site-post-title":"disabled","ast-breadcrumbs-content":"","ast-featured-img":"","footer-sml-layout":"","ast-disable-related-posts":"","theme-transparent-header-meta":"","adv-header-id-meta":"","stick-header-meta":"","header-above-stick-meta":"","header-main-stick-meta":"","header-below-stick-meta":"","astra-migrate-meta-layouts":"set","ast-page-background-enabled":"default","ast-page-background-meta":{"desktop":{"background-color":"var(--ast-global-color-4)","background-image":"","background-repeat":"repeat","background-position":"center center","background-size":"auto","background-attachment":"scroll","background-type":"","background-media":"","overlay-type":"","overlay-color":"","overlay-opacity":"","overlay-gradient":""},"tablet":{"background-color":"","background-image":"","background-repeat":"repeat","background-position":"center center","background-size":"auto","background-attachment":"scroll","background-type":"","background-media":"","overlay-type":"","overlay-color":"","overlay-opacity":"","overlay-gradient":""},"mobile":{"background-color":"","background-image":"","background-repeat":"repeat","background-position":"center center","background-size":"auto","background-attachment":"scroll","background-type":"","background-media":"","overlay-type":"","overlay-color":"","overlay-opacity":"","overlay-gradient":""}},"ast-content-background-meta":{"desktop":{"background-color":"var(--ast-global-color-5)","background-image":"","background-repeat":"repeat","background-position":"center center","background-size":"auto","background-attachment":"scroll","background-type":"","background-media":"","overlay-type":"","overlay-color":"","overlay-opacity":"","overlay-gradient":""},"tablet":{"background-color":"var(--ast-global-color-5)","background-image":"","background-repeat":"repeat","background-position":"center center","background-size":"auto","background-attachment":"scroll","background-type":"","background-media":"","overlay-type":"","overlay-color":"","overlay-opacity":"","overlay-gradient":""},"mobile":{"background-color":"var(--ast-global-color-5)","background-image":"","background-repeat":"repeat","background-position":"center center","background-size":"auto","background-attachment":"scroll","background-type":"","background-media":"","overlay-type":"","overlay-color":"","overlay-opacity":"","overlay-gradient":""}},"footnotes":""},"class_list":["post-1723","page","type-page","status-publish","hentry"],"jetpack-related-posts":[{"id":10635,"url":"https:\/\/athle-occitanie.fr\/wp\/marche-athletique\/","url_meta":{"origin":1723,"position":0},"title":"Marche athl\u00e9tique","author":"Elise SIMON-LABRIC","date":"18 mars 2025","format":false,"excerpt":"MARCHE ATHL\u00c9TIQUE R\u00e8glement FFA MA Panel Juges Nationaux Boite \u00e0 outils Juges Challenge National des Ligues R\u00e9cap' Chefs Juges Derniers r\u00e9sultats Comp\u00e9titions \u00e0 venir","rel":"","context":"Article similaire","block_context":{"text":"Article similaire","link":""},"img":{"alt_text":"","src":"https:\/\/i0.wp.com\/athle-occitanie.fr\/wp\/wp-content\/uploads\/2025\/03\/Marche_Athletique.png?resize=350%2C200","width":350,"height":200,"srcset":"https:\/\/i0.wp.com\/athle-occitanie.fr\/wp\/wp-content\/uploads\/2025\/03\/Marche_Athletique.png?resize=350%2C200 1x, https:\/\/i0.wp.com\/athle-occitanie.fr\/wp\/wp-content\/uploads\/2025\/03\/Marche_Athletique.png?resize=525%2C300 1.5x"},"classes":[]},{"id":5858,"url":"https:\/\/athle-occitanie.fr\/wp\/inscription-au-jury-dune-competition-2\/","url_meta":{"origin":1723,"position":1},"title":"Inscription au Jury d&rsquo;une comp\u00e9tition","author":"Claire BRUIN-GAUTIER","date":"26 f\u00e9vrier 2024","format":false,"excerpt":"Inscription au Jury d\u2019une comp\u00e9tition Inscrivez vous au jury de la comp\u00e9tition:\u00a0Championnats d\u2019Occitanie Minimes en salle Date et Lieu:\u00a0Le dimanche 17 Mars 2024 \u00e0 Tarbes (65) Retrouvez ci-dessous la liste des jurys inscrits: Le tableau\u00a0s\u2019actualise automatiquement toutes les 15 minutes.","rel":"","context":"Article similaire","block_context":{"text":"Article similaire","link":""},"img":{"alt_text":"","src":"","width":0,"height":0},"classes":[]},{"id":7535,"url":"https:\/\/athle-occitanie.fr\/wp\/288887_be_perpignan\/","url_meta":{"origin":1723,"position":2},"title":"288887_BE_Perpignan","author":"Claire BRUIN-GAUTIER","date":"9 juin 2024","format":false,"excerpt":"Inscription au Jury d'une comp\u00e9tition Inscrivez vous au jury de la comp\u00e9tition: Championnats d'Occitanie BE \u00e0 Perpignan. Date et lieu: Le samedi 29 juin 2024 \u00e0 Perpignan Retrouvez ci-dessous la liste des jurys inscrits: Le tableau s'actualise automatiquement","rel":"","context":"Article similaire","block_context":{"text":"Article similaire","link":""},"img":{"alt_text":"","src":"","width":0,"height":0},"classes":[]},{"id":5319,"url":"https:\/\/athle-occitanie.fr\/wp\/reglement-grand-prix-hivernal-be-mi-2024\/","url_meta":{"origin":1723,"position":3},"title":"R\u00e8glement Grand Prix Hivernal BE-MI 2024","author":"Elise SIMON-LABRIC","date":"18 janvier 2024","format":false,"excerpt":"R\u00e8glement Grand Prix Hivernal BE-MI 2024 1- CALENDRIER DES COMP\u00c9TITIONS : DATESCOMP\u00c9TITIONS25\/11\/2023Meeting Vertisaut BE-MI \u00e0 Revel (31)26\/11\/2023Championnat triathlon U14-U16 en salle \u00e0 Montpellier (34)02\/12\/2023Meeting indoor BE-MI \u00e0 Auch (32)24\/02\/2024Grand Prix BE-MI \u00e0 Foix (09)03\/03\/2024Championnats OCC - \u00c9preuves combin\u00e9es en salle BE-MI \u00e0 Bompas (66)16\/03\/2024Championnats OCC - en salle MI \u00e0\u2026","rel":"","context":"Article similaire","block_context":{"text":"Article similaire","link":""},"img":{"alt_text":"","src":"","width":0,"height":0},"classes":[]},{"id":1814,"url":"https:\/\/athle-occitanie.fr\/wp\/inscription-au-jury-dune-competition\/","url_meta":{"origin":1723,"position":4},"title":"2023_Jury_EC_BE-MI","author":"Claire BRUIN-GAUTIER","date":"27 f\u00e9vrier 2023","format":false,"excerpt":"Inscription au Jury d'une comp\u00e9tition Inscrivez vous au jury de la comp\u00e9tition: Championnats d'Occitanie d'\u00c9preuves Combin\u00e9es BE-MI en salle date et lieu: le dimanche 19 mars 2023 \u00e0 Bompas Retrouvez ci-dessous la liste des jurys inscrits: Le tableau s'actualise automatiquement toutes les 15 minutes.","rel":"","context":"Article similaire","block_context":{"text":"Article similaire","link":""},"img":{"alt_text":"","src":"","width":0,"height":0},"classes":[]},{"id":528,"url":"https:\/\/athle-occitanie.fr\/wp\/2022_ll_mi-ma\/","url_meta":{"origin":1723,"position":5},"title":"2022_LL_MI-MA","author":"Claire BRUIN-GAUTIER","date":"8 novembre 2022","format":false,"excerpt":"Inscription au Jury d'une comp\u00e9tition Inscrivez-vous au jury de la comp\u00e9tition : Championnats d'Occitanie de Lancers Longs Mi-Ma Date et lieu de la comp\u00e9tition : 27\/11\/2022 \u00e0 B\u00e9ziers Retrouvez ci-dessous la liste des jurys inscrits. Le tableau s\u2019actualise automatiquement toutes les 15 minutes.","rel":"","context":"Article similaire","block_context":{"text":"Article similaire","link":""},"img":{"alt_text":"","src":"","width":0,"height":0},"classes":[]}],"jetpack_sharing_enabled":true,"publishpress_future_action":{"enabled":false,"date":"2026-04-11 08:43:17","action":"change-status","newStatus":"draft","terms":[],"taxonomy":"","extraData":[]},"publishpress_future_workflow_manual_trigger":{"enabledWorkflows":[]},"_links":{"self":[{"href":"https:\/\/athle-occitanie.fr\/wp\/wp-json\/wp\/v2\/pages\/1723","targetHints":{"allow":["GET"]}}],"collection":[{"href":"https:\/\/athle-occitanie.fr\/wp\/wp-json\/wp\/v2\/pages"}],"about":[{"href":"https:\/\/athle-occitanie.fr\/wp\/wp-json\/wp\/v2\/types\/page"}],"author":[{"embeddable":true,"href":"https:\/\/athle-occitanie.fr\/wp\/wp-json\/wp\/v2\/users\/1"}],"replies":[{"embeddable":true,"href":"https:\/\/athle-occitanie.fr\/wp\/wp-json\/wp\/v2\/comments?post=1723"}],"version-history":[{"count":1120,"href":"https:\/\/athle-occitanie.fr\/wp\/wp-json\/wp\/v2\/pages\/1723\/revisions"}],"predecessor-version":[{"id":14195,"href":"https:\/\/athle-occitanie.fr\/wp\/wp-json\/wp\/v2\/pages\/1723\/revisions\/14195"}],"wp:attachment":[{"href":"https:\/\/athle-occitanie.fr\/wp\/wp-json\/wp\/v2\/media?parent=1723"}],"curies":[{"name":"wp","href":"https:\/\/api.w.org\/{rel}","templated":true}]}}