{"id":1614,"date":"2023-02-14T11:41:26","date_gmt":"2023-02-14T10:41:26","guid":{"rendered":"https:\/\/athle-occitanie.fr\/wp\/?page_id=1614"},"modified":"2023-02-14T11:41:30","modified_gmt":"2023-02-14T10:41:30","slug":"masters","status":"publish","type":"page","link":"https:\/\/athle-occitanie.fr\/wp\/masters\/","title":{"rendered":"Masters"},"content":{"rendered":"\n<p><\/p>\n\n\n\n<figure class=\"wp-block-image aligncenter size-large is-resized\"><img fetchpriority=\"high\" decoding=\"async\" src=\"https:\/\/athle-occitanie.fr\/wp\/wp-content\/uploads\/2023\/02\/Masters-1024x576.jpg\" alt=\"\" class=\"wp-image-1615\" width=\"597\" height=\"336\" srcset=\"https:\/\/athle-occitanie.fr\/wp\/wp-content\/uploads\/2023\/02\/Masters-1024x576.jpg 1024w, https:\/\/athle-occitanie.fr\/wp\/wp-content\/uploads\/2023\/02\/Masters-300x169.jpg 300w, https:\/\/athle-occitanie.fr\/wp\/wp-content\/uploads\/2023\/02\/Masters-768x432.jpg 768w, https:\/\/athle-occitanie.fr\/wp\/wp-content\/uploads\/2023\/02\/Masters-600x338.jpg 600w, https:\/\/athle-occitanie.fr\/wp\/wp-content\/uploads\/2023\/02\/Masters.jpg 1200w\" sizes=\"(max-width: 597px) 100vw, 597px\" \/><\/figure>\n\n\n\n<h2 class=\"alignwide has-text-align-center has-vivid-red-color has-text-color wp-block-heading\"><strong>Masters<\/strong><\/h2>\n\n\n\n<p><\/p>\n\n\n\n<p>Retrouver sur le site de la <a href=\"http:\/\/masters.athle.fr\/\" data-type=\"URL\" data-id=\"http:\/\/masters.athle.fr\/\" target=\"_blank\" rel=\"noreferrer noopener\">Commission Nationale des Masters<\/a> toute l&rsquo;actualit\u00e9 de l&rsquo;Athl\u00e9tisme Masters, les \u00e9preuves Masters, la r\u00e9glementation, les r\u00e9sultats, etc.<\/p>\n\n\n\n<p><\/p>\n","protected":false},"excerpt":{"rendered":"<p>Masters Retrouver sur le site de la Commission Nationale des Masters toute l&rsquo;actualit\u00e9 de l&rsquo;Athl\u00e9tisme Masters, les \u00e9preuves Masters, la r\u00e9glementation, les r\u00e9sultats, etc.<\/p>\n","protected":false},"author":6,"featured_media":0,"parent":0,"menu_order":0,"comment_status":"closed","ping_status":"closed","template":"","meta":{"site-sidebar-layout":"default","site-content-layout":"","ast-site-content-layout":"default","site-content-style":"default","site-sidebar-style":"default","ast-global-header-display":"","ast-banner-title-visibility":"","ast-main-header-display":"","ast-hfb-above-header-display":"","ast-hfb-below-header-display":"","ast-hfb-mobile-header-display":"","site-post-title":"disabled","ast-breadcrumbs-content":"","ast-featured-img":"","footer-sml-layout":"","ast-disable-related-posts":"","theme-transparent-header-meta":"","adv-header-id-meta":"","stick-header-meta":"","header-above-stick-meta":"","header-main-stick-meta":"","header-below-stick-meta":"","astra-migrate-meta-layouts":"default","ast-page-background-enabled":"default","ast-page-background-meta":{"desktop":{"background-color":"var(--ast-global-color-4)","background-image":"","background-repeat":"repeat","background-position":"center center","background-size":"auto","background-attachment":"scroll","background-type":"","background-media":"","overlay-type":"","overlay-color":"","overlay-opacity":"","overlay-gradient":""},"tablet":{"background-color":"","background-image":"","background-repeat":"repeat","background-position":"center center","background-size":"auto","background-attachment":"scroll","background-type":"","background-media":"","overlay-type":"","overlay-color":"","overlay-opacity":"","overlay-gradient":""},"mobile":{"background-color":"","background-image":"","background-repeat":"repeat","background-position":"center center","background-size":"auto","background-attachment":"scroll","background-type":"","background-media":"","overlay-type":"","overlay-color":"","overlay-opacity":"","overlay-gradient":""}},"ast-content-background-meta":{"desktop":{"background-color":"var(--ast-global-color-5)","background-image":"","background-repeat":"repeat","background-position":"center center","background-size":"auto","background-attachment":"scroll","background-type":"","background-media":"","overlay-type":"","overlay-color":"","overlay-opacity":"","overlay-gradient":""},"tablet":{"background-color":"var(--ast-global-color-5)","background-image":"","background-repeat":"repeat","background-position":"center center","background-size":"auto","background-attachment":"scroll","background-type":"","background-media":"","overlay-type":"","overlay-color":"","overlay-opacity":"","overlay-gradient":""},"mobile":{"background-color":"var(--ast-global-color-5)","background-image":"","background-repeat":"repeat","background-position":"center center","background-size":"auto","background-attachment":"scroll","background-type":"","background-media":"","overlay-type":"","overlay-color":"","overlay-opacity":"","overlay-gradient":""}},"footnotes":""},"class_list":["post-1614","page","type-page","status-publish","hentry"],"publishpress_future_action":{"enabled":false,"date":"2026-04-24 14:24:46","action":"change-status","newStatus":"draft","terms":[],"taxonomy":"","extraData":[]},"publishpress_future_workflow_manual_trigger":{"enabledWorkflows":[]},"_links":{"self":[{"href":"https:\/\/athle-occitanie.fr\/wp\/wp-json\/wp\/v2\/pages\/1614","targetHints":{"allow":["GET"]}}],"collection":[{"href":"https:\/\/athle-occitanie.fr\/wp\/wp-json\/wp\/v2\/pages"}],"about":[{"href":"https:\/\/athle-occitanie.fr\/wp\/wp-json\/wp\/v2\/types\/page"}],"author":[{"embeddable":true,"href":"https:\/\/athle-occitanie.fr\/wp\/wp-json\/wp\/v2\/users\/6"}],"replies":[{"embeddable":true,"href":"https:\/\/athle-occitanie.fr\/wp\/wp-json\/wp\/v2\/comments?post=1614"}],"version-history":[{"count":2,"href":"https:\/\/athle-occitanie.fr\/wp\/wp-json\/wp\/v2\/pages\/1614\/revisions"}],"predecessor-version":[{"id":1617,"href":"https:\/\/athle-occitanie.fr\/wp\/wp-json\/wp\/v2\/pages\/1614\/revisions\/1617"}],"wp:attachment":[{"href":"https:\/\/athle-occitanie.fr\/wp\/wp-json\/wp\/v2\/media?parent=1614"}],"curies":[{"name":"wp","href":"https:\/\/api.w.org\/{rel}","templated":true}]}}