{"id":1110,"date":"2023-01-16T10:12:50","date_gmt":"2023-01-16T09:12:50","guid":{"rendered":"https:\/\/athle-occitanie.fr\/wp\/?page_id=1110"},"modified":"2025-06-20T12:08:30","modified_gmt":"2025-06-20T10:08:30","slug":"affiliation","status":"publish","type":"page","link":"https:\/\/athle-occitanie.fr\/wp\/affiliation\/","title":{"rendered":"Cr\u00e9er un club"},"content":{"rendered":"\n<h2 class=\"wp-block-heading has-text-align-center has-vivid-red-color has-text-color\"><strong>Comment affilier un club \u00e0 la FFA ?<\/strong><\/h2>\n\n\n\n<p>Toute association qui d\u00e9sire s&rsquo;affilier \u00e0 la F\u00e9d\u00e9ration Fran\u00e7aise d&rsquo;Athl\u00e9tisme doit composer un <strong>dossier d&rsquo;affiliation<\/strong> avec les pi\u00e8ces suivantes :<\/p>\n\n\n\n<ul class=\"wp-block-list\">\n<li><strong>Les statuts de l&rsquo;association<\/strong> : dans lesquels doit clairement appara\u00eetre dans l\u2019objet <strong>\u00ab l\u2019organisation et le d\u00e9veloppement de la pratique de l\u2019Athl\u00e9tisme et\/ou l\u2019organisation de manifestations d\u2019Athl\u00e9tisme \u00bb<\/strong>. Une fois les statuts \u00e9crits, vous devez nous les faire parvenir dans les plus brefs d\u00e9lais afin que nous les \u00e9tudions. Si nous estimons qu\u2019ils sont conformes, vous pourrez les d\u00e9poser en pr\u00e9fecture. T\u00e9l\u00e9chargez le mod\u00e8le de <a rel=\"noreferrer noopener\" href=\"http:\/\/athle-occitanie.fr\/Documents\/CSR\/Modele-Statuts-Clubs.pdf\" data-type=\"URL\" data-id=\"http:\/\/athle-occitanie.fr\/Documents\/CSR\/Modele-Statuts-Clubs.pdf\" target=\"_blank\">Statuts FFA<\/a><\/li>\n\n\n\n<li><strong>Le r\u00e9c\u00e9piss\u00e9 de d\u00e9claration en pr\u00e9fecture<\/strong><\/li>\n\n\n\n<li><strong>La publication au Journal Officiel<\/strong><\/li>\n\n\n\n<li><strong><a href=\"https:\/\/athle-occitanie.fr\/Documents\/AFFILIATION\/Formulaire%20RG%202023.pdf\">Le formulaire de renseignements g\u00e9n\u00e9raux<\/a><\/strong>&nbsp;(fichier \u00e0 t\u00e9l\u00e9charger)<\/li>\n\n\n\n<li><strong><a href=\"https:\/\/athle-occitanie.fr\/Documents\/AFFILIATION\/Demande%20Affiliation%202023.pdf\" target=\"_blank\" rel=\"noreferrer noopener\">La demande d&rsquo;affiliation de Club<\/a><\/strong> (fichier \u00e0 t\u00e9l\u00e9charger)<\/li>\n\n\n\n<li><a href=\"http:\/\/athle-occitanie.fr\/Documents\/CSR\/bordereau_licence.pdf\" target=\"_blank\" rel=\"noreferrer noopener\"><strong>Le b<\/strong><\/a><strong><a href=\"https:\/\/athle-occitanie.fr\/Documents\/AFFILIATION\/Bordereau%20licences%202023.pdf\" target=\"_blank\" rel=\"noreferrer noopener\">ordereau de cr\u00e9ation de licences<\/a><\/strong> (fichier \u00e0 t\u00e9l\u00e9charger)<\/li>\n\n\n\n<li><strong>Tarifs des licences 2025-2026<\/strong> : <a href=\"https:\/\/athle-occitanie.fr\/Documents\/Tarifs%20des%20Licences\/2025-2026\/009-Ari%C3%A8ge.pdf\" target=\"_blank\" rel=\"noreferrer noopener\">Ari\u00e8ge<\/a>, <a href=\"https:\/\/athle-occitanie.fr\/Documents\/Tarifs%20des%20Licences\/2025-2026\/011-Aude.pdf\" data-type=\"link\" data-id=\"https;\/\/athle-occitanie.fr\/Documents\/Tarifs%20des%20Licences\/2024-2025\/011-Aude.pdf\" target=\"_blank\" rel=\"noreferrer noopener\">Aude<\/a>, <a href=\"https:\/\/athle-occitanie.fr\/Documents\/Tarifs%20des%20Licences\/2025-2026\/012-Aveyron.pdf\" data-type=\"link\" data-id=\"ftp:\/\/athleoccds@ftp.cluster021.hosting.ovh.net\/www\/Documents\/Tarifs%20des%20Licences\/2024-2025\/012-Aveyron.pdf\" target=\"_blank\" rel=\"noreferrer noopener\">Aveyron<\/a>, <a href=\"\/\/athle-occitanie.fr\/Documents\/Tarifs%20des%20Licences\/2025-2026\/030-Gard.pdf\" data-type=\"link\" data-id=\"ftp:\/\/athleoccds@ftp.cluster021.hosting.ovh.net\/www\/Documents\/Tarifs%20des%20Licences\/2024-2025\/030-Gard.pdf\" target=\"_blank\" rel=\"noreferrer noopener\">Gard<\/a>, <a href=\"https:\/\/athle-occitanie.fr\/Documents\/Tarifs%20des%20Licences\/2025-2026\/031-%20Haute-Garonne.pdf\" data-type=\"link\" data-id=\"ftp:\/\/athleocchttps:\/\/athle-occitanie.fr\/Documents\/Tarifs%20des%20Licences\/2024-2025\/031-%20Haute-Garonne.pdf\" target=\"_blank\" rel=\"noreferrer noopener\">Haute-Garonne<\/a>, <a href=\"https:\/\/athle-occitanie.fr\/Documents\/Tarifs%20des%20Licences\/2025-2026\/032-Gers.pdf\" target=\"_blank\" rel=\"noreferrer noopener\">Gers<\/a>, <a href=\"https:\/\/athle-occitanie.fr\/Documents\/Tarifs%20des%20Licences\/2025-2026\/034-Herault.pdf\" target=\"_blank\" rel=\"noreferrer noopener\">H\u00e9rault<\/a>, <a href=\"https:\/\/athle-occitanie.fr\/Documents\/Tarifs%20des%20Licences\/2025-2026\/046-Lot.pdf\" target=\"_blank\" rel=\"noreferrer noopener\">Lot<\/a>, <a href=\"https:\/\/athle-occitanie.fr\/Documents\/Tarifs%20des%20Licences\/2025-2026\/048-Loz%C3%A8re.pdf\" data-type=\"link\" data-id=\"https:\/\/athle-occitanie.fr\/Documents\/Tarifs%20des%20Licences\/2024-2025\/048-Loz%C3%A8re.pdf\" target=\"_blank\" rel=\"noreferrer noopener\">Loz\u00e8re<\/a>, <a href=\"https:\/\/athle-occitanie.fr\/Documents\/Tarifs%20des%20Licences\/2025-2026\/065-Hautes-Pyr%C3%A9n%C3%A9es.pdf\" target=\"_blank\" rel=\"noreferrer noopener\">Hautes-Pyr\u00e9n\u00e9es<\/a>, <a href=\"https:\/\/athle-occitanie.fr\/Documents\/Tarifs%20des%20Licences\/2025-2026\/066-Pyr%C3%A9n%C3%A9es%20Orientales.pdf\" target=\"_blank\" rel=\"noreferrer noopener\">Pyr\u00e9n\u00e9es Orientales<\/a>, <a href=\"https:\/\/athle-occitanie.fr\/Documents\/Tarifs%20des%20Licences\/2025-2026\/081-Tarn.pdf\" target=\"_blank\" rel=\"noreferrer noopener\">Tarn<\/a>, <a href=\"https:\/\/athle-occitanie.fr\/Documents\/Tarifs%20des%20Licences\/2025-2026\/082-Tarn%20et%20Garonne.pdf\" target=\"_blank\" rel=\"noreferrer noopener\">Tarn et Garonne<\/a>.<\/li>\n\n\n\n<li><strong>Un ch\u00e8que global de cotisations<\/strong> : <strong>140 \u20ac<\/strong>\u00a0pour la cotisation f\u00e9d\u00e9rale + <strong>100 \u20ac<\/strong>\u00a0pour la cotisation r\u00e9gionale + <strong>la cotisation d\u00e9partementale<\/strong> (cf tarifs des licences) + <strong>le montant des 5 premi\u00e8res licences<\/strong> \u00e0 cr\u00e9er. Pour affilier votre club, vous devez licencier\u00a0au moins 5 nouvelles personnes\u00a0dont : le pr\u00e9sident, le secr\u00e9taire g\u00e9n\u00e9ral, le tr\u00e9sorier et au moins deux autres membres (qui ne sont pas licenci\u00e9s dans un autre club sur l&rsquo;ann\u00e9e en cours).<\/li>\n\n\n\n<li><strong><a href=\"https:\/\/athle-occitanie.fr\/Documents\/TRESORERIE\/CHEQUE%20POUR%20COMPTE%20SI-FFA.pdf\" data-type=\"URL\" data-id=\"https:\/\/athle-occitanie.fr\/Documents\/TRESORERIE\/CHEQUE%20POUR%20COMPTE%20SI-FFA.pdf\" target=\"_blank\" rel=\"noreferrer noopener\">Le bordereau Ch\u00e8que Compte Si-FFA<\/a><\/strong>&nbsp;(fichier \u00e0 t\u00e9l\u00e9charger et \u00e0 nous renvoyer obligatoirement)<\/li>\n\n\n\n<li><strong>L&rsquo;attestation d&rsquo;assurance Responsabilit\u00e9 Civile<\/strong> (si vous ne prenez pas l\u2019assurance de la FFA)<\/li>\n<\/ul>\n\n\n\n<p class=\"has-text-align-center has-luminous-vivid-amber-color has-text-color\"><strong><span style=\"text-decoration: underline;\">Tous les dossiers doivent \u00eatre envoy\u00e9s par courrier \u00e0 la Ligue :<\/span><br>Ligue d\u2019Athl\u00e9tisme d&rsquo;Occitanie<br>7, rue Andr\u00e9 Citro\u00ebn<br>31130 BALMA<br>05.34.25.80.30 ou secretariat@athle-occitanie.fr<\/strong><\/p>\n\n\n\n<p><strong>NB : T\u00e9l\u00e9chargez la <\/strong><a href=\"https:\/\/athle-occitanie.fr\/Documents\/FFA\/2025-2026\/Circulaire_Administrative_2025-26.pdf\" data-type=\"link\" data-id=\"https:\/\/athle-occitanie.fr\/Documents\/FFA\/2024-2025\/Circulaire%20administrative_20242025_Applicable%20au%2015%20juin%202024.pdf\" target=\"_blank\" rel=\"noreferrer noopener\"><strong>Circulaire Administrative FFA<\/strong><\/a><strong> elle vous aidera dans la cr\u00e9ation et le fonctionnement de votre club<\/strong>.<\/p>\n\n\n\n<p><\/p>\n\n\n\n<p><\/p>\n","protected":false},"excerpt":{"rendered":"<p>Comment affilier un club \u00e0 la FFA ? Toute association qui d\u00e9sire s&rsquo;affilier \u00e0 la F\u00e9d\u00e9ration Fran\u00e7aise d&rsquo;Athl\u00e9tisme doit composer un dossier d&rsquo;affiliation avec les pi\u00e8ces suivantes : Tous les [&hellip;]<\/p>\n","protected":false},"author":6,"featured_media":0,"parent":0,"menu_order":0,"comment_status":"closed","ping_status":"closed","template":"","meta":{"site-sidebar-layout":"default","site-content-layout":"","ast-site-content-layout":"default","site-content-style":"default","site-sidebar-style":"default","ast-global-header-display":"","ast-banner-title-visibility":"","ast-main-header-display":"","ast-hfb-above-header-display":"","ast-hfb-below-header-display":"","ast-hfb-mobile-header-display":"","site-post-title":"disabled","ast-breadcrumbs-content":"","ast-featured-img":"","footer-sml-layout":"","ast-disable-related-posts":"","theme-transparent-header-meta":"","adv-header-id-meta":"","stick-header-meta":"","header-above-stick-meta":"","header-main-stick-meta":"","header-below-stick-meta":"","astra-migrate-meta-layouts":"set","ast-page-background-enabled":"default","ast-page-background-meta":{"desktop":{"background-color":"var(--ast-global-color-4)","background-image":"","background-repeat":"repeat","background-position":"center center","background-size":"auto","background-attachment":"scroll","background-type":"","background-media":"","overlay-type":"","overlay-color":"","overlay-opacity":"","overlay-gradient":""},"tablet":{"background-color":"","background-image":"","background-repeat":"repeat","background-position":"center center","background-size":"auto","background-attachment":"scroll","background-type":"","background-media":"","overlay-type":"","overlay-color":"","overlay-opacity":"","overlay-gradient":""},"mobile":{"background-color":"","background-image":"","background-repeat":"repeat","background-position":"center center","background-size":"auto","background-attachment":"scroll","background-type":"","background-media":"","overlay-type":"","overlay-color":"","overlay-opacity":"","overlay-gradient":""}},"ast-content-background-meta":{"desktop":{"background-color":"var(--ast-global-color-5)","background-image":"","background-repeat":"repeat","background-position":"center center","background-size":"auto","background-attachment":"scroll","background-type":"","background-media":"","overlay-type":"","overlay-color":"","overlay-opacity":"","overlay-gradient":""},"tablet":{"background-color":"var(--ast-global-color-5)","background-image":"","background-repeat":"repeat","background-position":"center center","background-size":"auto","background-attachment":"scroll","background-type":"","background-media":"","overlay-type":"","overlay-color":"","overlay-opacity":"","overlay-gradient":""},"mobile":{"background-color":"var(--ast-global-color-5)","background-image":"","background-repeat":"repeat","background-position":"center center","background-size":"auto","background-attachment":"scroll","background-type":"","background-media":"","overlay-type":"","overlay-color":"","overlay-opacity":"","overlay-gradient":""}},"footnotes":""},"class_list":["post-1110","page","type-page","status-publish","hentry"],"publishpress_future_action":{"enabled":false,"date":"2026-04-21 13:16:22","action":"change-status","newStatus":"draft","terms":[],"taxonomy":"","extraData":[]},"publishpress_future_workflow_manual_trigger":{"enabledWorkflows":[]},"_links":{"self":[{"href":"https:\/\/athle-occitanie.fr\/wp\/wp-json\/wp\/v2\/pages\/1110","targetHints":{"allow":["GET"]}}],"collection":[{"href":"https:\/\/athle-occitanie.fr\/wp\/wp-json\/wp\/v2\/pages"}],"about":[{"href":"https:\/\/athle-occitanie.fr\/wp\/wp-json\/wp\/v2\/types\/page"}],"author":[{"embeddable":true,"href":"https:\/\/athle-occitanie.fr\/wp\/wp-json\/wp\/v2\/users\/6"}],"replies":[{"embeddable":true,"href":"https:\/\/athle-occitanie.fr\/wp\/wp-json\/wp\/v2\/comments?post=1110"}],"version-history":[{"count":47,"href":"https:\/\/athle-occitanie.fr\/wp\/wp-json\/wp\/v2\/pages\/1110\/revisions"}],"predecessor-version":[{"id":11805,"href":"https:\/\/athle-occitanie.fr\/wp\/wp-json\/wp\/v2\/pages\/1110\/revisions\/11805"}],"wp:attachment":[{"href":"https:\/\/athle-occitanie.fr\/wp\/wp-json\/wp\/v2\/media?parent=1110"}],"curies":[{"name":"wp","href":"https:\/\/api.w.org\/{rel}","templated":true}]}}