{"id":10487,"date":"2025-03-05T17:15:50","date_gmt":"2025-03-05T16:15:50","guid":{"rendered":"https:\/\/athle-occitanie.fr\/wp\/?page_id=10487"},"modified":"2025-03-05T17:22:56","modified_gmt":"2025-03-05T16:22:56","slug":"2025_commande_javelot_700g","status":"publish","type":"page","link":"https:\/\/athle-occitanie.fr\/wp\/2025_commande_javelot_700g\/","title":{"rendered":"2025_Commande_Javelot_700g"},"content":{"rendered":"\n<h2 class=\"wp-block-heading has-text-align-center has-vivid-red-color has-text-color has-link-color wp-elements-08c71d05ab20d04f9011ca699699a2d0\"><strong><span style=\"text-decoration: underline;\">Bon de commande Javelots 700g<\/span><\/strong><\/h2>\n\n\n\n<p class=\"has-text-align-center\">Nouvelle norme, applicable au 1er avril 2025<\/p>\n\n\n\n<p>A compter du 1er avril 2025, une nouvelle norme est appliqu\u00e9e pour les javelots de 700g (U18 &#8211; CAM). Afin d&rsquo;accompagner les clubs \u00e0 se procurer ces nouveaux javelots, nous vous proposons le bon de commande ci-dessous. Nous avons n\u00e9goci\u00e9 un tarif avantageux aupr\u00e8s de DYNAMIC ATHLETIC pour 2 types de javelots.<\/p>\n\n\n\n<div class=\"wp-block-columns is-layout-flex wp-container-core-columns-is-layout-28f84493 wp-block-columns-is-layout-flex\">\n<div class=\"wp-block-column is-layout-flow wp-block-column-is-layout-flow\">\n<p class=\"has-text-align-center\"><strong>JAVELOT COMP\u00c9TITION DYNAMIC ATHLETIC ORION<\/strong><br>Javelot\u00a0comp\u00e9tition, en alliage d&rsquo;aluminium<br>Pointe\u00a0<strong>INOX<\/strong>, excellente\u00a0<strong>cord\u00e9e<\/strong>, adh\u00e9rence parfaite<br>Javelot\u00a0<strong>tr\u00e8s robuste<\/strong>, bon \u00e9quilibrage\u00a0 \u00a0<strong>En cours de certification WA<\/strong><br> &#8211;<\/p>\n\n\n\n<p class=\"has-text-align-center has-black-color has-blush-light-purple-gradient-background has-text-color has-background has-link-color has-medium-font-size wp-elements-72d8b7647508bc69daebcd7cb817ebea\">TARIF PUBLIC : 140\u20ac TTC<strong> &#8211; TARIF LAO : 126\u20ac TTC<\/strong><\/p>\n<\/div>\n\n\n\n<div class=\"wp-block-column is-layout-flow wp-block-column-is-layout-flow\">\n<p class=\"has-text-align-center\"><strong>JAVELOT COMP\u00c9TITION DYNAMIC ATHLETIC SIRIUS<\/strong><br>Javelot comp\u00e9tition, en alliage d&rsquo;aluminium<br>Pointe\u00a0<strong>INOX<\/strong>, excellente\u00a0<strong>cord\u00e9e<\/strong>, adh\u00e9rence parfaite<br>Rigidit\u00e9 sup\u00e9rieure<br>Javelot\u00a0<strong>tr\u00e8s robuste<\/strong>, bon \u00e9quilibrage\u00a0 \u00a0\u00a0<strong>En cours de certification WA<\/strong><\/p>\n\n\n\n<p class=\"has-text-align-center has-black-color has-luminous-vivid-amber-to-luminous-vivid-orange-gradient-background has-text-color has-background has-link-color has-medium-font-size wp-elements-ff31cd1822589e55b88d34d2b0ac1220\">TARIF PUBLIC : 230\u20ac TTC<strong> &#8211; TARIF LAO : 200\u20ac TTC<\/strong><\/p>\n<\/div>\n<\/div>\n\n\n\n<p>Nous vous remercions de confirmer votre commande pour le <strong>20 mars 2025<\/strong>. La livraison sera assur\u00e9e le samedi 05 avril 2025 \u00e0 Carcassonne au cours de l&rsquo;Assembl\u00e9e G\u00e9n\u00e9rale LAO.<\/p>\n\n\n\n<p>Une facture sera envoy\u00e9e \u00e0 chaque structure \u00e0 l&rsquo;issue de la livraison.<\/p>\n\n\n\n<div class=\"forminator-guttenberg\"><\/div>\n","protected":false},"excerpt":{"rendered":"<p>Bon de commande Javelots 700g Nouvelle norme, applicable au 1er avril 2025 A compter du 1er avril 2025, une nouvelle norme est appliqu\u00e9e pour les javelots de 700g (U18 &#8211; [&hellip;]<\/p>\n","protected":false},"author":1,"featured_media":0,"parent":0,"menu_order":0,"comment_status":"closed","ping_status":"closed","template":"","meta":{"site-sidebar-layout":"default","site-content-layout":"","ast-site-content-layout":"default","site-content-style":"default","site-sidebar-style":"default","ast-global-header-display":"","ast-banner-title-visibility":"","ast-main-header-display":"","ast-hfb-above-header-display":"","ast-hfb-below-header-display":"","ast-hfb-mobile-header-display":"","site-post-title":"disabled","ast-breadcrumbs-content":"","ast-featured-img":"","footer-sml-layout":"","ast-disable-related-posts":"","theme-transparent-header-meta":"","adv-header-id-meta":"","stick-header-meta":"","header-above-stick-meta":"","header-main-stick-meta":"","header-below-stick-meta":"","astra-migrate-meta-layouts":"set","ast-page-background-enabled":"default","ast-page-background-meta":{"desktop":{"background-color":"var(--ast-global-color-4)","background-image":"","background-repeat":"repeat","background-position":"center center","background-size":"auto","background-attachment":"scroll","background-type":"","background-media":"","overlay-type":"","overlay-color":"","overlay-opacity":"","overlay-gradient":""},"tablet":{"background-color":"","background-image":"","background-repeat":"repeat","background-position":"center center","background-size":"auto","background-attachment":"scroll","background-type":"","background-media":"","overlay-type":"","overlay-color":"","overlay-opacity":"","overlay-gradient":""},"mobile":{"background-color":"","background-image":"","background-repeat":"repeat","background-position":"center center","background-size":"auto","background-attachment":"scroll","background-type":"","background-media":"","overlay-type":"","overlay-color":"","overlay-opacity":"","overlay-gradient":""}},"ast-content-background-meta":{"desktop":{"background-color":"var(--ast-global-color-5)","background-image":"","background-repeat":"repeat","background-position":"center center","background-size":"auto","background-attachment":"scroll","background-type":"","background-media":"","overlay-type":"","overlay-color":"","overlay-opacity":"","overlay-gradient":""},"tablet":{"background-color":"var(--ast-global-color-5)","background-image":"","background-repeat":"repeat","background-position":"center center","background-size":"auto","background-attachment":"scroll","background-type":"","background-media":"","overlay-type":"","overlay-color":"","overlay-opacity":"","overlay-gradient":""},"mobile":{"background-color":"var(--ast-global-color-5)","background-image":"","background-repeat":"repeat","background-position":"center center","background-size":"auto","background-attachment":"scroll","background-type":"","background-media":"","overlay-type":"","overlay-color":"","overlay-opacity":"","overlay-gradient":""}},"footnotes":""},"class_list":["post-10487","page","type-page","status-publish","hentry"],"publishpress_future_action":{"enabled":false,"date":"2026-05-07 10:28:37","action":"change-status","newStatus":"draft","terms":[],"taxonomy":"","extraData":[]},"publishpress_future_workflow_manual_trigger":{"enabledWorkflows":[]},"_links":{"self":[{"href":"https:\/\/athle-occitanie.fr\/wp\/wp-json\/wp\/v2\/pages\/10487","targetHints":{"allow":["GET"]}}],"collection":[{"href":"https:\/\/athle-occitanie.fr\/wp\/wp-json\/wp\/v2\/pages"}],"about":[{"href":"https:\/\/athle-occitanie.fr\/wp\/wp-json\/wp\/v2\/types\/page"}],"author":[{"embeddable":true,"href":"https:\/\/athle-occitanie.fr\/wp\/wp-json\/wp\/v2\/users\/1"}],"replies":[{"embeddable":true,"href":"https:\/\/athle-occitanie.fr\/wp\/wp-json\/wp\/v2\/comments?post=10487"}],"version-history":[{"count":6,"href":"https:\/\/athle-occitanie.fr\/wp\/wp-json\/wp\/v2\/pages\/10487\/revisions"}],"predecessor-version":[{"id":10493,"href":"https:\/\/athle-occitanie.fr\/wp\/wp-json\/wp\/v2\/pages\/10487\/revisions\/10493"}],"wp:attachment":[{"href":"https:\/\/athle-occitanie.fr\/wp\/wp-json\/wp\/v2\/media?parent=10487"}],"curies":[{"name":"wp","href":"https:\/\/api.w.org\/{rel}","templated":true}]}}